{"id":1146,"date":"2018-11-16T15:28:41","date_gmt":"2018-11-16T15:28:41","guid":{"rendered":"https:\/\/the7.io\/g-business\/?page_id=1146"},"modified":"2023-11-23T05:24:10","modified_gmt":"2023-11-23T05:24:10","slug":"proyectos-de-conservacion","status":"publish","type":"page","link":"https:\/\/biofix.com.br\/en\/services\/proyectos-de-conservacion\/","title":{"rendered":"We develop conservation projects"},"content":{"rendered":"<div class=\"wpb-content-wrapper\"><div class=\"vc_row wpb_row vc_row-fluid\"><div class=\"wpb_column vc_column_container vc_col-sm-12\"><div class=\"vc_column-inner vc_custom_1560777659697\"><div class=\"wpb_wrapper\"><div id=\"ultimate-heading-411369e18045656ac\" class=\"uvc-heading ult-adjust-bottom-margin ultimate-heading-411369e18045656ac uvc-5314 accent-subtitle-color\" data-hspacer=\"no_spacer\"  data-halign=\"left\" style=\"text-align:left\"><div class=\"uvc-heading-spacer no_spacer\" style=\"top\"><\/div><div class=\"uvc-main-heading ult-responsive\"  data-ultimate-target='.uvc-heading.ultimate-heading-411369e18045656ac h3'  data-responsive-json-new='{\"font-size\":\"desktop:30px;\",\"line-height\":\"desktop:40px;\"}' ><h3 style=\"font-weight:bold;margin-bottom:5px;\">WE DEVELOP CONSERVATION PROJECTS<\/h3><\/div><\/div>\n\t<div class=\"wpb_text_column wpb_content_element\" >\n\t\t<div class=\"wpb_wrapper\">\n\t\t\t<p>We are specialists in structuring and developing conservation projects under the REDD+ mechanism (Reducing emissions from deforestation and forest degradation). We currently work with more than 25 ethnic communities, with which we coordinate 9 conservation projects in departments such as Vichada, Guain\u00eda, Guaviare, Choc\u00f3, Cauca and Valle del Cauca, in Colombia. Our partnership is already beginning to expand in Brazil, with the beginning of a project in the states of Tocantins and Mato Grosso.<\/p>\n\n\t\t<\/div>\n\t<\/div>\n<\/div><\/div><\/div><\/div><div class=\"vc_row wpb_row vc_row-fluid\"><div class=\"wpb_column vc_column_container vc_col-sm-12\"><div class=\"vc_column-inner vc_custom_1560778504731\"><div class=\"wpb_wrapper\"><div id=\"ultimate-heading-421469e1804565f6b\" class=\"uvc-heading ult-adjust-bottom-margin ultimate-heading-421469e1804565f6b uvc-4716 accent-subtitle-color\" data-hspacer=\"no_spacer\"  data-halign=\"left\" style=\"text-align:left\"><div class=\"uvc-heading-spacer no_spacer\" style=\"top\"><\/div><div class=\"uvc-main-heading ult-responsive\"  data-ultimate-target='.uvc-heading.ultimate-heading-421469e1804565f6b h3'  data-responsive-json-new='{\"font-size\":\"desktop:30px;\",\"line-height\":\"desktop:40px;\"}' ><h3 style=\"font-weight:bold;margin-bottom:5px;\">What is a REDD+ project?<\/h3><\/div><\/div>\n\t<div class=\"wpb_text_column wpb_content_element  vc_custom_1700716852365\" >\n\t\t<div class=\"wpb_wrapper\">\n\t\t\t<p>It is a mechanism that was born within the United Nations Framework Convention on Climate Change (UNFCCC), whose general objective is to contribute to the Reduction of carbon dioxide emissions from Deforestation and Forest Degradation. This mechanism seeks to contribute to:<\/p>\n\n\t\t<\/div>\n\t<\/div>\n<div class=\"vc_row wpb_row vc_inner vc_row-fluid vc_row-o-equal-height vc_row-flex\"><div class=\"wpb_column vc_column_container vc_col-sm-6\"><div class=\"vc_column-inner\"><div class=\"wpb_wrapper\"><div class=\"standard-arrow bullet-top\"><ul>\n<li>Mitigate the effects of climate change.<\/li>\n<li>Maintain and improve Environmental Services associated with forests.<\/li>\n<li>Promote sustainable forest management.<\/li>\n<\/ul>\n<\/div><\/div><\/div><\/div><div class=\"wpb_column vc_column_container vc_col-sm-6\"><div class=\"vc_column-inner\"><div class=\"wpb_wrapper\"><div class=\"standard-arrow bullet-top\"><ul>\n<li>Conserve and promote the sustainable use of biodiversity.<\/li>\n<li>Improve the quality of life of communities.<\/li>\n<li>Promote gender equity.<\/li>\n<\/ul>\n<\/div><\/div><\/div><\/div><\/div><div class=\"vc_empty_space\"   style=\"height: 32px\"><span class=\"vc_empty_space_inner\"><\/span><\/div><div id=\"ultimate-heading-229669e1804566808\" class=\"uvc-heading ult-adjust-bottom-margin ultimate-heading-229669e1804566808 uvc-9698 accent-subtitle-color\" data-hspacer=\"no_spacer\"  data-halign=\"left\" style=\"text-align:left\"><div class=\"uvc-heading-spacer no_spacer\" style=\"top\"><\/div><div class=\"uvc-main-heading ult-responsive\"  data-ultimate-target='.uvc-heading.ultimate-heading-229669e1804566808 h3'  data-responsive-json-new='{\"font-size\":\"desktop:30px;\",\"line-height\":\"desktop:40px;\"}' ><h3 style=\"font-weight:bold;margin-bottom:10px;\">How we do?<\/h3><\/div><\/div><div class=\"vc_empty_space\"   style=\"height: 24px\"><span class=\"vc_empty_space_inner\"><\/span><\/div><div class=\"vc_row wpb_row vc_inner vc_row-fluid vc_row-o-equal-height vc_row-flex\"><div class=\"wpb_column vc_column_container vc_col-sm-6\"><div class=\"vc_column-inner\"><div class=\"wpb_wrapper\"><div class=\"standard-arrow bullet-top\"><ul>\n<li class=\"translation-block\"><strong>Viability:<\/strong> We carry out a viability analysis of the territory.<\/li>\n<li><strong>Approximation:<\/strong>\u00a0We provide relevant information related to REDD+ Projects benefits and phases, profit distribution mechanisms and distribution of functions directly with the territory owners.<\/li>\n<li><strong>Signing of agreements:<\/strong>\u00a0establishes the commitments to be followed and is highlighted in the necessary instances.<\/li>\n<li aria-level=\"1\"><strong>Formulation:<\/strong>\u00a0The steps and methods are defined in the Project Design Document (PDD).<\/li>\n<li aria-level=\"1\"><strong>Validation:<\/strong>\u00a0an audit and approval process of the project methodology described in the PDD is carried out.<\/li>\n<\/ul>\n<\/div><\/div><\/div><\/div><div class=\"wpb_column vc_column_container vc_col-sm-6\"><div class=\"vc_column-inner\"><div class=\"wpb_wrapper\"><div class=\"standard-arrow bullet-top\"><ul>\n<li><strong>Verification:<\/strong>\u00a0the project methodology described in the PDD is verified and approved.<\/li>\n<li><strong>Certification:<\/strong>\u00a0the project is certified and registered in compliance with the requirements of different standards (VCS, CCB, among others).<\/li>\n<li><strong>Record:<\/strong>\u00a0o projeto \u00e9 certificado e registrado sob o cumprimento dos requisitos dos diferentes padr\u00f5es (VCS, CCB, etc.).<\/li>\n<li><strong>Commercialization:<\/strong>\u00a0whether emission reduction certificates are sold within the scope of the carbon tax, or customers who wish to carry out voluntary compensation.<\/li>\n<li><strong>Implementation:<\/strong>\u00a0all actions established by communities are put into practice in the form of projects that benefit families and forest conservation.<\/li>\n<\/ul>\n<\/div><\/div><\/div><\/div><\/div><\/div><\/div><\/div><\/div><div class=\"vc_row wpb_row vc_row-fluid\"><div class=\"wpb_column vc_column_container vc_col-sm-12\"><div class=\"vc_column-inner\"><div class=\"wpb_wrapper\"><style type=\"text\/css\" data-type=\"the7_shortcodes-inline-css\">#default-btn-6f88b747f44d3533c10a62c7af1c5639.ico-right-side > i {\n  margin-right: 0px;\n  margin-left: 8px;\n}\n#default-btn-6f88b747f44d3533c10a62c7af1c5639 > i {\n  margin-right: 8px;\n}\n<\/style><a href=\"https:\/\/biofix.co\/contact\/\" class=\"default-btn-shortcode dt-btn dt-btn-m link-hover-off btn-inline-left\" target=\"_blank\" id=\"default-btn-6f88b747f44d3533c10a62c7af1c5639\" rel=\"noopener\"><span>I want to get in touch<\/span><\/a><\/div><\/div><\/div><\/div>\n<\/div>","protected":false},"excerpt":{"rendered":"<p>DESENVOLVEMOS PROJETOS DE CONSERVA\u00c7\u00c3O Somos especialistas em estrutura\u00e7\u00e3o e desenvolvimento de projetos de conserva\u00e7\u00e3o sob o mecanismo REDD+ (Redu\u00e7\u00e3o das emiss\u00f5es do desmatamento e da degrada\u00e7\u00e3o de florestas). Atualmente, trabalhamos com mais de 25 comunidades \u00e9tnicas, com as quais coordenamos 9 projetos de conserva\u00e7\u00e3o em departamentos como Vichada, Guain\u00eda, Guaviare, Choc\u00f3, Cauca e Valle del&hellip;<\/p>","protected":false},"author":1,"featured_media":0,"parent":249,"menu_order":1,"comment_status":"closed","ping_status":"closed","template":"","meta":{"footnotes":""},"class_list":["post-1146","page","type-page","status-publish","hentry","description-off"],"yoast_head":"<!-- This site is optimized with the Yoast SEO plugin v27.4 - https:\/\/yoast.com\/product\/yoast-seo-wordpress\/ -->\n<title>Desenvolvemos projetos de conserva\u00e7\u00e3o - Biofix Br BIC<\/title>\n<meta name=\"robots\" content=\"index, follow, max-snippet:-1, max-image-preview:large, max-video-preview:-1\" \/>\n<link rel=\"canonical\" href=\"https:\/\/biofix.com.br\/en\/services\/proyectos-de-conservacion\/\" \/>\n<meta property=\"og:locale\" content=\"en_US\" \/>\n<meta property=\"og:type\" content=\"article\" \/>\n<meta property=\"og:title\" content=\"Desenvolvemos projetos de conserva\u00e7\u00e3o - Biofix Br BIC\" \/>\n<meta property=\"og:url\" content=\"https:\/\/biofix.com.br\/en\/services\/proyectos-de-conservacion\/\" \/>\n<meta property=\"og:site_name\" content=\"Biofix Br BIC\" \/>\n<meta property=\"article:modified_time\" content=\"2023-11-23T05:24:10+00:00\" \/>\n<meta name=\"twitter:card\" content=\"summary_large_image\" \/>\n<meta name=\"twitter:label1\" content=\"Est. reading time\" \/>\n\t<meta name=\"twitter:data1\" content=\"2 minutes\" \/>\n<script type=\"application\/ld+json\" class=\"yoast-schema-graph\">{\"@context\":\"https:\\\/\\\/schema.org\",\"@graph\":[{\"@type\":\"WebPage\",\"@id\":\"https:\\\/\\\/biofix.com.br\\\/services\\\/proyectos-de-conservacion\\\/\",\"url\":\"https:\\\/\\\/biofix.com.br\\\/services\\\/proyectos-de-conservacion\\\/\",\"name\":\"Desenvolvemos projetos de conserva\u00e7\u00e3o - Biofix Br BIC\",\"isPartOf\":{\"@id\":\"https:\\\/\\\/biofix.com.br\\\/#website\"},\"datePublished\":\"2018-11-16T15:28:41+00:00\",\"dateModified\":\"2023-11-23T05:24:10+00:00\",\"breadcrumb\":{\"@id\":\"https:\\\/\\\/biofix.com.br\\\/services\\\/proyectos-de-conservacion\\\/#breadcrumb\"},\"inLanguage\":\"en-US\",\"potentialAction\":[{\"@type\":\"ReadAction\",\"target\":[\"https:\\\/\\\/biofix.com.br\\\/services\\\/proyectos-de-conservacion\\\/\"]}]},{\"@type\":\"BreadcrumbList\",\"@id\":\"https:\\\/\\\/biofix.com.br\\\/services\\\/proyectos-de-conservacion\\\/#breadcrumb\",\"itemListElement\":[{\"@type\":\"ListItem\",\"position\":1,\"name\":\"Inicio\",\"item\":\"https:\\\/\\\/biofix.com.br\\\/\"},{\"@type\":\"ListItem\",\"position\":2,\"name\":\"Servi\u00e7os\",\"item\":\"https:\\\/\\\/biofix.com.br\\\/services\\\/\"},{\"@type\":\"ListItem\",\"position\":3,\"name\":\"Desenvolvemos projetos de conserva\u00e7\u00e3o\"}]},{\"@type\":\"WebSite\",\"@id\":\"https:\\\/\\\/biofix.com.br\\\/#website\",\"url\":\"https:\\\/\\\/biofix.com.br\\\/\",\"name\":\"Biofix Brasil BIC\",\"description\":\"\",\"publisher\":{\"@id\":\"https:\\\/\\\/biofix.com.br\\\/#organization\"},\"potentialAction\":[{\"@type\":\"SearchAction\",\"target\":{\"@type\":\"EntryPoint\",\"urlTemplate\":\"https:\\\/\\\/biofix.com.br\\\/?s={search_term_string}\"},\"query-input\":{\"@type\":\"PropertyValueSpecification\",\"valueRequired\":true,\"valueName\":\"search_term_string\"}}],\"inLanguage\":\"en-US\"},{\"@type\":\"Organization\",\"@id\":\"https:\\\/\\\/biofix.com.br\\\/#organization\",\"name\":\"Biofix Brasil BIC\",\"url\":\"https:\\\/\\\/biofix.com.br\\\/\",\"logo\":{\"@type\":\"ImageObject\",\"inLanguage\":\"en-US\",\"@id\":\"https:\\\/\\\/biofix.com.br\\\/#\\\/schema\\\/logo\\\/image\\\/\",\"url\":\"https:\\\/\\\/biofix.com.br\\\/wp-content\\\/uploads\\\/2022\\\/04\\\/BIOFIX-COLOR-H.png\",\"contentUrl\":\"https:\\\/\\\/biofix.com.br\\\/wp-content\\\/uploads\\\/2022\\\/04\\\/BIOFIX-COLOR-H.png\",\"width\":168,\"height\":71,\"caption\":\"Biofix Brasil BIC\"},\"image\":{\"@id\":\"https:\\\/\\\/biofix.com.br\\\/#\\\/schema\\\/logo\\\/image\\\/\"},\"sameAs\":[\"https:\\\/\\\/www.instagram.com\\\/biofixbrasil\\\/\",\"https:\\\/\\\/www.linkedin.com\\\/company\\\/91119074\\\/admin\\\/settings\\\/\"]}]}<\/script>\n<!-- \/ Yoast SEO plugin. -->","yoast_head_json":{"title":"Desenvolvemos projetos de conserva\u00e7\u00e3o - Biofix Br BIC","robots":{"index":"index","follow":"follow","max-snippet":"max-snippet:-1","max-image-preview":"max-image-preview:large","max-video-preview":"max-video-preview:-1"},"canonical":"https:\/\/biofix.com.br\/en\/services\/proyectos-de-conservacion\/","og_locale":"en_US","og_type":"article","og_title":"Desenvolvemos projetos de conserva\u00e7\u00e3o - Biofix Br BIC","og_url":"https:\/\/biofix.com.br\/en\/services\/proyectos-de-conservacion\/","og_site_name":"Biofix Br BIC","article_modified_time":"2023-11-23T05:24:10+00:00","twitter_card":"summary_large_image","twitter_misc":{"Est. reading time":"2 minutes"},"schema":{"@context":"https:\/\/schema.org","@graph":[{"@type":"WebPage","@id":"https:\/\/biofix.com.br\/services\/proyectos-de-conservacion\/","url":"https:\/\/biofix.com.br\/services\/proyectos-de-conservacion\/","name":"Desenvolvemos projetos de conserva\u00e7\u00e3o - Biofix Br BIC","isPartOf":{"@id":"https:\/\/biofix.com.br\/#website"},"datePublished":"2018-11-16T15:28:41+00:00","dateModified":"2023-11-23T05:24:10+00:00","breadcrumb":{"@id":"https:\/\/biofix.com.br\/services\/proyectos-de-conservacion\/#breadcrumb"},"inLanguage":"en-US","potentialAction":[{"@type":"ReadAction","target":["https:\/\/biofix.com.br\/services\/proyectos-de-conservacion\/"]}]},{"@type":"BreadcrumbList","@id":"https:\/\/biofix.com.br\/services\/proyectos-de-conservacion\/#breadcrumb","itemListElement":[{"@type":"ListItem","position":1,"name":"Inicio","item":"https:\/\/biofix.com.br\/"},{"@type":"ListItem","position":2,"name":"Servi\u00e7os","item":"https:\/\/biofix.com.br\/services\/"},{"@type":"ListItem","position":3,"name":"Desenvolvemos projetos de conserva\u00e7\u00e3o"}]},{"@type":"WebSite","@id":"https:\/\/biofix.com.br\/#website","url":"https:\/\/biofix.com.br\/","name":"Biofix Brasil BIC","description":"","publisher":{"@id":"https:\/\/biofix.com.br\/#organization"},"potentialAction":[{"@type":"SearchAction","target":{"@type":"EntryPoint","urlTemplate":"https:\/\/biofix.com.br\/?s={search_term_string}"},"query-input":{"@type":"PropertyValueSpecification","valueRequired":true,"valueName":"search_term_string"}}],"inLanguage":"en-US"},{"@type":"Organization","@id":"https:\/\/biofix.com.br\/#organization","name":"Biofix Brasil BIC","url":"https:\/\/biofix.com.br\/","logo":{"@type":"ImageObject","inLanguage":"en-US","@id":"https:\/\/biofix.com.br\/#\/schema\/logo\/image\/","url":"https:\/\/biofix.com.br\/wp-content\/uploads\/2022\/04\/BIOFIX-COLOR-H.png","contentUrl":"https:\/\/biofix.com.br\/wp-content\/uploads\/2022\/04\/BIOFIX-COLOR-H.png","width":168,"height":71,"caption":"Biofix Brasil BIC"},"image":{"@id":"https:\/\/biofix.com.br\/#\/schema\/logo\/image\/"},"sameAs":["https:\/\/www.instagram.com\/biofixbrasil\/","https:\/\/www.linkedin.com\/company\/91119074\/admin\/settings\/"]}]}},"_links":{"self":[{"href":"https:\/\/biofix.com.br\/en\/wp-json\/wp\/v2\/pages\/1146","targetHints":{"allow":["GET"]}}],"collection":[{"href":"https:\/\/biofix.com.br\/en\/wp-json\/wp\/v2\/pages"}],"about":[{"href":"https:\/\/biofix.com.br\/en\/wp-json\/wp\/v2\/types\/page"}],"author":[{"embeddable":true,"href":"https:\/\/biofix.com.br\/en\/wp-json\/wp\/v2\/users\/1"}],"replies":[{"embeddable":true,"href":"https:\/\/biofix.com.br\/en\/wp-json\/wp\/v2\/comments?post=1146"}],"version-history":[{"count":26,"href":"https:\/\/biofix.com.br\/en\/wp-json\/wp\/v2\/pages\/1146\/revisions"}],"predecessor-version":[{"id":5536,"href":"https:\/\/biofix.com.br\/en\/wp-json\/wp\/v2\/pages\/1146\/revisions\/5536"}],"up":[{"embeddable":true,"href":"https:\/\/biofix.com.br\/en\/wp-json\/wp\/v2\/pages\/249"}],"wp:attachment":[{"href":"https:\/\/biofix.com.br\/en\/wp-json\/wp\/v2\/media?parent=1146"}],"curies":[{"name":"wp","href":"https:\/\/api.w.org\/{rel}","templated":true}]}}