{"id":1288,"date":"2018-11-23T12:42:57","date_gmt":"2018-11-23T12:42:57","guid":{"rendered":"https:\/\/the7.io\/g-business\/?page_id=1288"},"modified":"2024-03-07T20:21:22","modified_gmt":"2024-03-07T20:21:22","slug":"huella-de-carbono","status":"publish","type":"page","link":"https:\/\/biofix.com.br\/en\/services\/huella-de-carbono\/","title":{"rendered":"Calculamos a pegada de carbono"},"content":{"rendered":"<div class=\"wpb-content-wrapper\"><div class=\"vc_row wpb_row vc_row-fluid\"><div class=\"wpb_column vc_column_container vc_col-sm-12\"><div class=\"vc_column-inner vc_custom_1560778504731\"><div class=\"wpb_wrapper\"><div id=\"ultimate-heading-779869e181460b92d\" class=\"uvc-heading ult-adjust-bottom-margin ultimate-heading-779869e181460b92d uvc-2233 accent-subtitle-color\" data-hspacer=\"no_spacer\"  data-halign=\"left\" style=\"text-align:left\"><div class=\"uvc-heading-spacer no_spacer\" style=\"top\"><\/div><div class=\"uvc-main-heading ult-responsive\"  data-ultimate-target='.uvc-heading.ultimate-heading-779869e181460b92d h3'  data-responsive-json-new='{\"font-size\":\"desktop:30px;\",\"line-height\":\"desktop:40px;\"}' ><h3 style=\"font-weight:bold;margin-bottom:5px;\">C\u00c1LCULO DE PAGADA DE CARBONO<\/h3><\/div><\/div>\n\t<div class=\"wpb_text_column wpb_content_element\" >\n\t\t<div class=\"wpb_wrapper\">\n\t\t\t<p>Voc\u00ea sabe quanto CO2 voc\u00ea emite diariamente como pessoa ou como empresa? Criamos uma ferramenta que permite o c\u00e1lculo da pegada de carbono. Conhecer esta informa\u00e7\u00e3o permitir\u00e1 que voc\u00ea tenha clareza sobre a compensa\u00e7\u00e3o que deve fazer ao planeta.<\/p>\n<p>Se voc\u00ea \u00e9 pessoa jur\u00eddica, lembre-se que de acordo com a Lei 2.169 de A\u00e7\u00e3o Clim\u00e1tica, de 21 de dezembro de 2021, (artigo 16), as pessoas jur\u00eddicas, p\u00fablicas, privadas ou mistas, considerando o n\u00edvel de emiss\u00f5es de GEE e o porte das empresas, devem relat\u00f3rio obrigat\u00f3rio de emiss\u00f5es diretas e indiretas de GEE.<\/p>\n\n\t\t<\/div>\n\t<\/div>\n\n\t<div class=\"wpb_raw_code wpb_content_element wpb_raw_html\" >\n\t\t<div class=\"wpb_wrapper\">\n\t\t\t<iframe loading=\"lazy\" iframe src=\"https:\/\/calculator.biofix.co\/?lang=\/en\/\" frameborder=\"0\" width=\"100%\" height=\"800\"><\/iframe>\n\t\t<\/div>\n\t<\/div>\n<\/div><\/div><\/div><\/div>\n<\/div>","protected":false},"excerpt":{"rendered":"<p>C\u00c1LCULO DE PAGADA DE CARBONO Voc\u00ea sabe quanto CO2 voc\u00ea emite diariamente como pessoa ou como empresa? Criamos uma ferramenta que permite o c\u00e1lculo da pegada de carbono. Conhecer esta informa\u00e7\u00e3o permitir\u00e1 que voc\u00ea tenha clareza sobre a compensa\u00e7\u00e3o que deve fazer ao planeta. Se voc\u00ea \u00e9 pessoa jur\u00eddica, lembre-se que de acordo com a&hellip;<\/p>","protected":false},"author":1,"featured_media":0,"parent":249,"menu_order":3,"comment_status":"closed","ping_status":"closed","template":"","meta":{"footnotes":""},"class_list":["post-1288","page","type-page","status-publish","hentry","description-off"],"yoast_head":"<!-- This site is optimized with the Yoast SEO plugin v27.4 - https:\/\/yoast.com\/product\/yoast-seo-wordpress\/ -->\n<title>Calculamos a pegada de carbono - Biofix Br BIC<\/title>\n<meta name=\"robots\" content=\"index, follow, max-snippet:-1, max-image-preview:large, max-video-preview:-1\" \/>\n<link rel=\"canonical\" href=\"https:\/\/biofix.com.br\/en\/services\/huella-de-carbono\/\" \/>\n<meta property=\"og:locale\" content=\"en_US\" \/>\n<meta property=\"og:type\" content=\"article\" \/>\n<meta property=\"og:title\" content=\"Calculamos a pegada de carbono - Biofix Br BIC\" \/>\n<meta property=\"og:url\" content=\"https:\/\/biofix.com.br\/en\/services\/huella-de-carbono\/\" \/>\n<meta property=\"og:site_name\" content=\"Biofix Br BIC\" \/>\n<meta property=\"article:modified_time\" content=\"2024-03-07T20:21:22+00:00\" \/>\n<meta name=\"twitter:card\" content=\"summary_large_image\" \/>\n<meta name=\"twitter:label1\" content=\"Est. reading time\" \/>\n\t<meta name=\"twitter:data1\" content=\"1 minute\" \/>\n<script type=\"application\/ld+json\" class=\"yoast-schema-graph\">{\"@context\":\"https:\\\/\\\/schema.org\",\"@graph\":[{\"@type\":\"WebPage\",\"@id\":\"https:\\\/\\\/biofix.com.br\\\/services\\\/huella-de-carbono\\\/\",\"url\":\"https:\\\/\\\/biofix.com.br\\\/services\\\/huella-de-carbono\\\/\",\"name\":\"Calculamos a pegada de carbono - Biofix Br BIC\",\"isPartOf\":{\"@id\":\"https:\\\/\\\/biofix.com.br\\\/#website\"},\"datePublished\":\"2018-11-23T12:42:57+00:00\",\"dateModified\":\"2024-03-07T20:21:22+00:00\",\"breadcrumb\":{\"@id\":\"https:\\\/\\\/biofix.com.br\\\/services\\\/huella-de-carbono\\\/#breadcrumb\"},\"inLanguage\":\"en-US\",\"potentialAction\":[{\"@type\":\"ReadAction\",\"target\":[\"https:\\\/\\\/biofix.com.br\\\/services\\\/huella-de-carbono\\\/\"]}]},{\"@type\":\"BreadcrumbList\",\"@id\":\"https:\\\/\\\/biofix.com.br\\\/services\\\/huella-de-carbono\\\/#breadcrumb\",\"itemListElement\":[{\"@type\":\"ListItem\",\"position\":1,\"name\":\"Inicio\",\"item\":\"https:\\\/\\\/biofix.com.br\\\/\"},{\"@type\":\"ListItem\",\"position\":2,\"name\":\"Servi\u00e7os\",\"item\":\"https:\\\/\\\/biofix.com.br\\\/services\\\/\"},{\"@type\":\"ListItem\",\"position\":3,\"name\":\"Calculamos a pegada de carbono\"}]},{\"@type\":\"WebSite\",\"@id\":\"https:\\\/\\\/biofix.com.br\\\/#website\",\"url\":\"https:\\\/\\\/biofix.com.br\\\/\",\"name\":\"Biofix Brasil BIC\",\"description\":\"\",\"publisher\":{\"@id\":\"https:\\\/\\\/biofix.com.br\\\/#organization\"},\"potentialAction\":[{\"@type\":\"SearchAction\",\"target\":{\"@type\":\"EntryPoint\",\"urlTemplate\":\"https:\\\/\\\/biofix.com.br\\\/?s={search_term_string}\"},\"query-input\":{\"@type\":\"PropertyValueSpecification\",\"valueRequired\":true,\"valueName\":\"search_term_string\"}}],\"inLanguage\":\"en-US\"},{\"@type\":\"Organization\",\"@id\":\"https:\\\/\\\/biofix.com.br\\\/#organization\",\"name\":\"Biofix Brasil BIC\",\"url\":\"https:\\\/\\\/biofix.com.br\\\/\",\"logo\":{\"@type\":\"ImageObject\",\"inLanguage\":\"en-US\",\"@id\":\"https:\\\/\\\/biofix.com.br\\\/#\\\/schema\\\/logo\\\/image\\\/\",\"url\":\"https:\\\/\\\/biofix.com.br\\\/wp-content\\\/uploads\\\/2022\\\/04\\\/BIOFIX-COLOR-H.png\",\"contentUrl\":\"https:\\\/\\\/biofix.com.br\\\/wp-content\\\/uploads\\\/2022\\\/04\\\/BIOFIX-COLOR-H.png\",\"width\":168,\"height\":71,\"caption\":\"Biofix Brasil BIC\"},\"image\":{\"@id\":\"https:\\\/\\\/biofix.com.br\\\/#\\\/schema\\\/logo\\\/image\\\/\"},\"sameAs\":[\"https:\\\/\\\/www.instagram.com\\\/biofixbrasil\\\/\",\"https:\\\/\\\/www.linkedin.com\\\/company\\\/91119074\\\/admin\\\/settings\\\/\"]}]}<\/script>\n<!-- \/ Yoast SEO plugin. -->","yoast_head_json":{"title":"Calculamos a pegada de carbono - Biofix Br BIC","robots":{"index":"index","follow":"follow","max-snippet":"max-snippet:-1","max-image-preview":"max-image-preview:large","max-video-preview":"max-video-preview:-1"},"canonical":"https:\/\/biofix.com.br\/en\/services\/huella-de-carbono\/","og_locale":"en_US","og_type":"article","og_title":"Calculamos a pegada de carbono - Biofix Br BIC","og_url":"https:\/\/biofix.com.br\/en\/services\/huella-de-carbono\/","og_site_name":"Biofix Br BIC","article_modified_time":"2024-03-07T20:21:22+00:00","twitter_card":"summary_large_image","twitter_misc":{"Est. reading time":"1 minute"},"schema":{"@context":"https:\/\/schema.org","@graph":[{"@type":"WebPage","@id":"https:\/\/biofix.com.br\/services\/huella-de-carbono\/","url":"https:\/\/biofix.com.br\/services\/huella-de-carbono\/","name":"Calculamos a pegada de carbono - Biofix Br BIC","isPartOf":{"@id":"https:\/\/biofix.com.br\/#website"},"datePublished":"2018-11-23T12:42:57+00:00","dateModified":"2024-03-07T20:21:22+00:00","breadcrumb":{"@id":"https:\/\/biofix.com.br\/services\/huella-de-carbono\/#breadcrumb"},"inLanguage":"en-US","potentialAction":[{"@type":"ReadAction","target":["https:\/\/biofix.com.br\/services\/huella-de-carbono\/"]}]},{"@type":"BreadcrumbList","@id":"https:\/\/biofix.com.br\/services\/huella-de-carbono\/#breadcrumb","itemListElement":[{"@type":"ListItem","position":1,"name":"Inicio","item":"https:\/\/biofix.com.br\/"},{"@type":"ListItem","position":2,"name":"Servi\u00e7os","item":"https:\/\/biofix.com.br\/services\/"},{"@type":"ListItem","position":3,"name":"Calculamos a pegada de carbono"}]},{"@type":"WebSite","@id":"https:\/\/biofix.com.br\/#website","url":"https:\/\/biofix.com.br\/","name":"Biofix Brasil BIC","description":"","publisher":{"@id":"https:\/\/biofix.com.br\/#organization"},"potentialAction":[{"@type":"SearchAction","target":{"@type":"EntryPoint","urlTemplate":"https:\/\/biofix.com.br\/?s={search_term_string}"},"query-input":{"@type":"PropertyValueSpecification","valueRequired":true,"valueName":"search_term_string"}}],"inLanguage":"en-US"},{"@type":"Organization","@id":"https:\/\/biofix.com.br\/#organization","name":"Biofix Brasil BIC","url":"https:\/\/biofix.com.br\/","logo":{"@type":"ImageObject","inLanguage":"en-US","@id":"https:\/\/biofix.com.br\/#\/schema\/logo\/image\/","url":"https:\/\/biofix.com.br\/wp-content\/uploads\/2022\/04\/BIOFIX-COLOR-H.png","contentUrl":"https:\/\/biofix.com.br\/wp-content\/uploads\/2022\/04\/BIOFIX-COLOR-H.png","width":168,"height":71,"caption":"Biofix Brasil BIC"},"image":{"@id":"https:\/\/biofix.com.br\/#\/schema\/logo\/image\/"},"sameAs":["https:\/\/www.instagram.com\/biofixbrasil\/","https:\/\/www.linkedin.com\/company\/91119074\/admin\/settings\/"]}]}},"_links":{"self":[{"href":"https:\/\/biofix.com.br\/en\/wp-json\/wp\/v2\/pages\/1288","targetHints":{"allow":["GET"]}}],"collection":[{"href":"https:\/\/biofix.com.br\/en\/wp-json\/wp\/v2\/pages"}],"about":[{"href":"https:\/\/biofix.com.br\/en\/wp-json\/wp\/v2\/types\/page"}],"author":[{"embeddable":true,"href":"https:\/\/biofix.com.br\/en\/wp-json\/wp\/v2\/users\/1"}],"replies":[{"embeddable":true,"href":"https:\/\/biofix.com.br\/en\/wp-json\/wp\/v2\/comments?post=1288"}],"version-history":[{"count":28,"href":"https:\/\/biofix.com.br\/en\/wp-json\/wp\/v2\/pages\/1288\/revisions"}],"predecessor-version":[{"id":5811,"href":"https:\/\/biofix.com.br\/en\/wp-json\/wp\/v2\/pages\/1288\/revisions\/5811"}],"up":[{"embeddable":true,"href":"https:\/\/biofix.com.br\/en\/wp-json\/wp\/v2\/pages\/249"}],"wp:attachment":[{"href":"https:\/\/biofix.com.br\/en\/wp-json\/wp\/v2\/media?parent=1288"}],"curies":[{"name":"wp","href":"https:\/\/api.w.org\/{rel}","templated":true}]}}