{"id":1146,"date":"2018-11-16T15:28:41","date_gmt":"2018-11-16T15:28:41","guid":{"rendered":"https:\/\/the7.io\/g-business\/?page_id=1146"},"modified":"2023-11-23T05:24:10","modified_gmt":"2023-11-23T05:24:10","slug":"proyectos-de-conservacion","status":"publish","type":"page","link":"https:\/\/biofix.com.br\/es_co\/services\/proyectos-de-conservacion\/","title":{"rendered":"Desarrollamos proyectos de conservaci\u00f3n"},"content":{"rendered":"<div class=\"wpb-content-wrapper\"><div class=\"vc_row wpb_row vc_row-fluid\"><div class=\"wpb_column vc_column_container vc_col-sm-12\"><div class=\"vc_column-inner vc_custom_1560777659697\"><div class=\"wpb_wrapper\"><div id=\"ultimate-heading-558669e184286b6da\" class=\"uvc-heading ult-adjust-bottom-margin ultimate-heading-558669e184286b6da uvc-6565 accent-subtitle-color\" data-hspacer=\"no_spacer\"  data-halign=\"left\" style=\"text-align:left\"><div class=\"uvc-heading-spacer no_spacer\" style=\"top\"><\/div><div class=\"uvc-main-heading ult-responsive\"  data-ultimate-target='.uvc-heading.ultimate-heading-558669e184286b6da h3'  data-responsive-json-new='{\"font-size\":\"desktop:30px;\",\"line-height\":\"desktop:40px;\"}' ><h3 style=\"font-weight:bold;margin-bottom:5px;\">DESARROLLAMOS PROYECTOS DE CONSERVACI\u00d3N<\/h3><\/div><\/div>\n\t<div class=\"wpb_text_column wpb_content_element\" >\n\t\t<div class=\"wpb_wrapper\">\n\t\t\t<p>Somos especialistas en estructurar y desarrollar proyectos de conservaci\u00f3n bajo el mecanismo REDD+ (Reducci\u00f3n de emisiones por deforestaci\u00f3n y degradaci\u00f3n forestal). Actualmente trabajamos con m\u00e1s de 25 comunidades \u00e9tnicas, con las que coordinamos 9 proyectos de conservaci\u00f3n en departamentos como Vichada, Guain\u00eda, Guaviare, Choc\u00f3, Cauca y Valle del Cauca, en Colombia. Nuestra asociaci\u00f3n ya est\u00e1 comenzando a expandirse en Brasil, con el inicio de un proyecto en los estados de Tocantins y Mato Grosso.<\/p>\n\n\t\t<\/div>\n\t<\/div>\n<\/div><\/div><\/div><\/div><div class=\"vc_row wpb_row vc_row-fluid\"><div class=\"wpb_column vc_column_container vc_col-sm-12\"><div class=\"vc_column-inner vc_custom_1560778504731\"><div class=\"wpb_wrapper\"><div id=\"ultimate-heading-526669e184286bf84\" class=\"uvc-heading ult-adjust-bottom-margin ultimate-heading-526669e184286bf84 uvc-2144 accent-subtitle-color\" data-hspacer=\"no_spacer\"  data-halign=\"left\" style=\"text-align:left\"><div class=\"uvc-heading-spacer no_spacer\" style=\"top\"><\/div><div class=\"uvc-main-heading ult-responsive\"  data-ultimate-target='.uvc-heading.ultimate-heading-526669e184286bf84 h3'  data-responsive-json-new='{\"font-size\":\"desktop:30px;\",\"line-height\":\"desktop:40px;\"}' ><h3 style=\"font-weight:bold;margin-bottom:5px;\">\u00bfQu\u00e9 es un proyecto REDD+?<\/h3><\/div><\/div>\n\t<div class=\"wpb_text_column wpb_content_element  vc_custom_1700716852365\" >\n\t\t<div class=\"wpb_wrapper\">\n\t\t\t<p>Es un mecanismo que naci\u00f3 dentro de la Convenci\u00f3n Marco de las Naciones Unidas sobre el Cambio Clim\u00e1tico (CMNUCC), cuyo objetivo general es contribuir a la Reducci\u00f3n de las emisiones de di\u00f3xido de carbono provenientes de la Deforestaci\u00f3n y Degradaci\u00f3n de los Bosques. Este mecanismo busca contribuir a:<\/p>\n\n\t\t<\/div>\n\t<\/div>\n<div class=\"vc_row wpb_row vc_inner vc_row-fluid vc_row-o-equal-height vc_row-flex\"><div class=\"wpb_column vc_column_container vc_col-sm-6\"><div class=\"vc_column-inner\"><div class=\"wpb_wrapper\"><div class=\"standard-arrow bullet-top\"><ul>\n<li>Mitigar los efectos del cambio clim\u00e1tico.<\/li>\n<li>Mantener y mejorar los Servicios Ambientales asociados a los bosques.<\/li>\n<li>Promover el manejo forestal sostenible.<\/li>\n<\/ul>\n<\/div><\/div><\/div><\/div><div class=\"wpb_column vc_column_container vc_col-sm-6\"><div class=\"vc_column-inner\"><div class=\"wpb_wrapper\"><div class=\"standard-arrow bullet-top\"><ul>\n<li>Conservar y promover el uso sostenible de la biodiversidad.<\/li>\n<li>Mejorar la calidad de vida de las comunidades.<\/li>\n<li>Promover la equidad de g\u00e9nero.<\/li>\n<\/ul>\n<\/div><\/div><\/div><\/div><\/div><div class=\"vc_empty_space\"   style=\"height: 32px\"><span class=\"vc_empty_space_inner\"><\/span><\/div><div id=\"ultimate-heading-19069e184286c79c\" class=\"uvc-heading ult-adjust-bottom-margin ultimate-heading-19069e184286c79c uvc-3630 accent-subtitle-color\" data-hspacer=\"no_spacer\"  data-halign=\"left\" style=\"text-align:left\"><div class=\"uvc-heading-spacer no_spacer\" style=\"top\"><\/div><div class=\"uvc-main-heading ult-responsive\"  data-ultimate-target='.uvc-heading.ultimate-heading-19069e184286c79c h3'  data-responsive-json-new='{\"font-size\":\"desktop:30px;\",\"line-height\":\"desktop:40px;\"}' ><h3 style=\"font-weight:bold;margin-bottom:10px;\">\u00bfComo hacemos?<\/h3><\/div><\/div><div class=\"vc_empty_space\"   style=\"height: 24px\"><span class=\"vc_empty_space_inner\"><\/span><\/div><div class=\"vc_row wpb_row vc_inner vc_row-fluid vc_row-o-equal-height vc_row-flex\"><div class=\"wpb_column vc_column_container vc_col-sm-6\"><div class=\"vc_column-inner\"><div class=\"wpb_wrapper\"><div class=\"standard-arrow bullet-top\"><ul>\n<li class=\"translation-block\"><strong>Viabilidad:<\/strong> Realizamos un an\u00e1lisis de viabilidad del territorio.<\/li>\n<li><strong>Aproximaci\u00f3n:<\/strong>\u00a0Brindamos informaci\u00f3n relevante relacionada con los beneficios y fases de los Proyectos REDD+, mecanismos de distribuci\u00f3n de ganancias y distribuci\u00f3n de funciones directamente con los propietarios de los territorios.<\/li>\n<li><strong>Firma de acuerdos:<\/strong>\u00a0establece los compromisos a seguir y se destaca en las instancias necesarias.<\/li>\n<li aria-level=\"1\"><strong>Formulaci\u00f3n:<\/strong>\u00a0Los pasos y m\u00e9todos est\u00e1n definidos en el Documento de Dise\u00f1o del Proyecto (PDD).<\/li>\n<li aria-level=\"1\"><strong>Validaci\u00f3n:<\/strong>\u00a0Se realiza un proceso de auditor\u00eda y aprobaci\u00f3n de la metodolog\u00eda del proyecto descrita en el PDD.<\/li>\n<\/ul>\n<\/div><\/div><\/div><\/div><div class=\"wpb_column vc_column_container vc_col-sm-6\"><div class=\"vc_column-inner\"><div class=\"wpb_wrapper\"><div class=\"standard-arrow bullet-top\"><ul>\n<li><strong>Verificaci\u00f3n:<\/strong>\u00a0Se verifica y aprueba la metodolog\u00eda del proyecto descrita en el PDD.<\/li>\n<li><strong>Certificaci\u00f3n:<\/strong>\u00a0el proyecto se encuentra certificado y registrado cumpliendo con los requisitos de diferentes normas (VCS, CCB, entre otras).<\/li>\n<li><strong>Registro:<\/strong>\u00a0o projeto \u00e9 certificado e registrado sob o cumprimento dos requisitos dos diferentes padr\u00f5es (VCS, CCB, etc.).<\/li>\n<li><strong>Comercializaci\u00f3n:<\/strong>\u00a0si los certificados de reducci\u00f3n de emisiones se venden dentro del alcance del impuesto al carbono, o clientes que desean realizar una compensaci\u00f3n voluntaria.<\/li>\n<li><strong>Implementaci\u00f3n:<\/strong>\u00a0todas las acciones establecidas por las comunidades se ponen en pr\u00e1ctica en forma de proyectos que benefician a las familias y la conservaci\u00f3n de los bosques.<\/li>\n<\/ul>\n<\/div><\/div><\/div><\/div><\/div><\/div><\/div><\/div><\/div><div class=\"vc_row wpb_row vc_row-fluid\"><div class=\"wpb_column vc_column_container vc_col-sm-12\"><div class=\"vc_column-inner\"><div class=\"wpb_wrapper\"><style type=\"text\/css\" data-type=\"the7_shortcodes-inline-css\">#default-btn-6f88b747f44d3533c10a62c7af1c5639.ico-right-side > i {\n  margin-right: 0px;\n  margin-left: 8px;\n}\n#default-btn-6f88b747f44d3533c10a62c7af1c5639 > i {\n  margin-right: 8px;\n}\n<\/style><a href=\"https:\/\/biofix.co\/contact\/\" class=\"default-btn-shortcode dt-btn dt-btn-m link-hover-off btn-inline-left\" target=\"_blank\" id=\"default-btn-6f88b747f44d3533c10a62c7af1c5639\" rel=\"noopener\"><span>quiero ponerme en contacto<\/span><\/a><\/div><\/div><\/div><\/div>\n<\/div>","protected":false},"excerpt":{"rendered":"<p>DESENVOLVEMOS PROJETOS DE CONSERVA\u00c7\u00c3O Somos especialistas em estrutura\u00e7\u00e3o e desenvolvimento de projetos de conserva\u00e7\u00e3o sob o mecanismo REDD+ (Redu\u00e7\u00e3o das emiss\u00f5es do desmatamento e da degrada\u00e7\u00e3o de florestas). Atualmente, trabalhamos com mais de 25 comunidades \u00e9tnicas, com as quais coordenamos 9 projetos de conserva\u00e7\u00e3o em departamentos como Vichada, Guain\u00eda, Guaviare, Choc\u00f3, Cauca e Valle del&hellip;<\/p>","protected":false},"author":1,"featured_media":0,"parent":249,"menu_order":1,"comment_status":"closed","ping_status":"closed","template":"","meta":{"footnotes":""},"class_list":["post-1146","page","type-page","status-publish","hentry","description-off"],"yoast_head":"<!-- This site is optimized with the Yoast SEO plugin v27.4 - https:\/\/yoast.com\/product\/yoast-seo-wordpress\/ -->\n<title>Desenvolvemos projetos de conserva\u00e7\u00e3o - Biofix Br BIC<\/title>\n<meta name=\"robots\" content=\"index, follow, max-snippet:-1, max-image-preview:large, max-video-preview:-1\" \/>\n<link rel=\"canonical\" href=\"https:\/\/biofix.com.br\/es_co\/services\/proyectos-de-conservacion\/\" \/>\n<meta property=\"og:locale\" content=\"es_ES\" \/>\n<meta property=\"og:type\" content=\"article\" \/>\n<meta property=\"og:title\" content=\"Desenvolvemos projetos de conserva\u00e7\u00e3o - Biofix Br BIC\" \/>\n<meta property=\"og:url\" content=\"https:\/\/biofix.com.br\/es_co\/services\/proyectos-de-conservacion\/\" \/>\n<meta property=\"og:site_name\" content=\"Biofix Br BIC\" \/>\n<meta property=\"article:modified_time\" content=\"2023-11-23T05:24:10+00:00\" \/>\n<meta name=\"twitter:card\" content=\"summary_large_image\" \/>\n<meta name=\"twitter:label1\" content=\"Tiempo de lectura\" \/>\n\t<meta name=\"twitter:data1\" content=\"2 minutos\" \/>\n<script type=\"application\/ld+json\" class=\"yoast-schema-graph\">{\"@context\":\"https:\\\/\\\/schema.org\",\"@graph\":[{\"@type\":\"WebPage\",\"@id\":\"https:\\\/\\\/biofix.com.br\\\/services\\\/proyectos-de-conservacion\\\/\",\"url\":\"https:\\\/\\\/biofix.com.br\\\/services\\\/proyectos-de-conservacion\\\/\",\"name\":\"Desenvolvemos projetos de conserva\u00e7\u00e3o - Biofix Br BIC\",\"isPartOf\":{\"@id\":\"https:\\\/\\\/biofix.com.br\\\/#website\"},\"datePublished\":\"2018-11-16T15:28:41+00:00\",\"dateModified\":\"2023-11-23T05:24:10+00:00\",\"breadcrumb\":{\"@id\":\"https:\\\/\\\/biofix.com.br\\\/services\\\/proyectos-de-conservacion\\\/#breadcrumb\"},\"inLanguage\":\"es-CO\",\"potentialAction\":[{\"@type\":\"ReadAction\",\"target\":[\"https:\\\/\\\/biofix.com.br\\\/services\\\/proyectos-de-conservacion\\\/\"]}]},{\"@type\":\"BreadcrumbList\",\"@id\":\"https:\\\/\\\/biofix.com.br\\\/services\\\/proyectos-de-conservacion\\\/#breadcrumb\",\"itemListElement\":[{\"@type\":\"ListItem\",\"position\":1,\"name\":\"Inicio\",\"item\":\"https:\\\/\\\/biofix.com.br\\\/\"},{\"@type\":\"ListItem\",\"position\":2,\"name\":\"Servi\u00e7os\",\"item\":\"https:\\\/\\\/biofix.com.br\\\/services\\\/\"},{\"@type\":\"ListItem\",\"position\":3,\"name\":\"Desenvolvemos projetos de conserva\u00e7\u00e3o\"}]},{\"@type\":\"WebSite\",\"@id\":\"https:\\\/\\\/biofix.com.br\\\/#website\",\"url\":\"https:\\\/\\\/biofix.com.br\\\/\",\"name\":\"Biofix Brasil BIC\",\"description\":\"\",\"publisher\":{\"@id\":\"https:\\\/\\\/biofix.com.br\\\/#organization\"},\"potentialAction\":[{\"@type\":\"SearchAction\",\"target\":{\"@type\":\"EntryPoint\",\"urlTemplate\":\"https:\\\/\\\/biofix.com.br\\\/?s={search_term_string}\"},\"query-input\":{\"@type\":\"PropertyValueSpecification\",\"valueRequired\":true,\"valueName\":\"search_term_string\"}}],\"inLanguage\":\"es-CO\"},{\"@type\":\"Organization\",\"@id\":\"https:\\\/\\\/biofix.com.br\\\/#organization\",\"name\":\"Biofix Brasil BIC\",\"url\":\"https:\\\/\\\/biofix.com.br\\\/\",\"logo\":{\"@type\":\"ImageObject\",\"inLanguage\":\"es-CO\",\"@id\":\"https:\\\/\\\/biofix.com.br\\\/#\\\/schema\\\/logo\\\/image\\\/\",\"url\":\"https:\\\/\\\/biofix.com.br\\\/wp-content\\\/uploads\\\/2022\\\/04\\\/BIOFIX-COLOR-H.png\",\"contentUrl\":\"https:\\\/\\\/biofix.com.br\\\/wp-content\\\/uploads\\\/2022\\\/04\\\/BIOFIX-COLOR-H.png\",\"width\":168,\"height\":71,\"caption\":\"Biofix Brasil BIC\"},\"image\":{\"@id\":\"https:\\\/\\\/biofix.com.br\\\/#\\\/schema\\\/logo\\\/image\\\/\"},\"sameAs\":[\"https:\\\/\\\/www.instagram.com\\\/biofixbrasil\\\/\",\"https:\\\/\\\/www.linkedin.com\\\/company\\\/91119074\\\/admin\\\/settings\\\/\"]}]}<\/script>\n<!-- \/ Yoast SEO plugin. -->","yoast_head_json":{"title":"Desenvolvemos projetos de conserva\u00e7\u00e3o - Biofix Br BIC","robots":{"index":"index","follow":"follow","max-snippet":"max-snippet:-1","max-image-preview":"max-image-preview:large","max-video-preview":"max-video-preview:-1"},"canonical":"https:\/\/biofix.com.br\/es_co\/services\/proyectos-de-conservacion\/","og_locale":"es_ES","og_type":"article","og_title":"Desenvolvemos projetos de conserva\u00e7\u00e3o - Biofix Br BIC","og_url":"https:\/\/biofix.com.br\/es_co\/services\/proyectos-de-conservacion\/","og_site_name":"Biofix Br BIC","article_modified_time":"2023-11-23T05:24:10+00:00","twitter_card":"summary_large_image","twitter_misc":{"Tiempo de lectura":"2 minutos"},"schema":{"@context":"https:\/\/schema.org","@graph":[{"@type":"WebPage","@id":"https:\/\/biofix.com.br\/services\/proyectos-de-conservacion\/","url":"https:\/\/biofix.com.br\/services\/proyectos-de-conservacion\/","name":"Desenvolvemos projetos de conserva\u00e7\u00e3o - Biofix Br BIC","isPartOf":{"@id":"https:\/\/biofix.com.br\/#website"},"datePublished":"2018-11-16T15:28:41+00:00","dateModified":"2023-11-23T05:24:10+00:00","breadcrumb":{"@id":"https:\/\/biofix.com.br\/services\/proyectos-de-conservacion\/#breadcrumb"},"inLanguage":"es-CO","potentialAction":[{"@type":"ReadAction","target":["https:\/\/biofix.com.br\/services\/proyectos-de-conservacion\/"]}]},{"@type":"BreadcrumbList","@id":"https:\/\/biofix.com.br\/services\/proyectos-de-conservacion\/#breadcrumb","itemListElement":[{"@type":"ListItem","position":1,"name":"Inicio","item":"https:\/\/biofix.com.br\/"},{"@type":"ListItem","position":2,"name":"Servi\u00e7os","item":"https:\/\/biofix.com.br\/services\/"},{"@type":"ListItem","position":3,"name":"Desenvolvemos projetos de conserva\u00e7\u00e3o"}]},{"@type":"WebSite","@id":"https:\/\/biofix.com.br\/#website","url":"https:\/\/biofix.com.br\/","name":"Biofix Brasil BIC","description":"","publisher":{"@id":"https:\/\/biofix.com.br\/#organization"},"potentialAction":[{"@type":"SearchAction","target":{"@type":"EntryPoint","urlTemplate":"https:\/\/biofix.com.br\/?s={search_term_string}"},"query-input":{"@type":"PropertyValueSpecification","valueRequired":true,"valueName":"search_term_string"}}],"inLanguage":"es-CO"},{"@type":"Organization","@id":"https:\/\/biofix.com.br\/#organization","name":"Biofix Brasil BIC","url":"https:\/\/biofix.com.br\/","logo":{"@type":"ImageObject","inLanguage":"es-CO","@id":"https:\/\/biofix.com.br\/#\/schema\/logo\/image\/","url":"https:\/\/biofix.com.br\/wp-content\/uploads\/2022\/04\/BIOFIX-COLOR-H.png","contentUrl":"https:\/\/biofix.com.br\/wp-content\/uploads\/2022\/04\/BIOFIX-COLOR-H.png","width":168,"height":71,"caption":"Biofix Brasil BIC"},"image":{"@id":"https:\/\/biofix.com.br\/#\/schema\/logo\/image\/"},"sameAs":["https:\/\/www.instagram.com\/biofixbrasil\/","https:\/\/www.linkedin.com\/company\/91119074\/admin\/settings\/"]}]}},"_links":{"self":[{"href":"https:\/\/biofix.com.br\/es_co\/wp-json\/wp\/v2\/pages\/1146","targetHints":{"allow":["GET"]}}],"collection":[{"href":"https:\/\/biofix.com.br\/es_co\/wp-json\/wp\/v2\/pages"}],"about":[{"href":"https:\/\/biofix.com.br\/es_co\/wp-json\/wp\/v2\/types\/page"}],"author":[{"embeddable":true,"href":"https:\/\/biofix.com.br\/es_co\/wp-json\/wp\/v2\/users\/1"}],"replies":[{"embeddable":true,"href":"https:\/\/biofix.com.br\/es_co\/wp-json\/wp\/v2\/comments?post=1146"}],"version-history":[{"count":26,"href":"https:\/\/biofix.com.br\/es_co\/wp-json\/wp\/v2\/pages\/1146\/revisions"}],"predecessor-version":[{"id":5536,"href":"https:\/\/biofix.com.br\/es_co\/wp-json\/wp\/v2\/pages\/1146\/revisions\/5536"}],"up":[{"embeddable":true,"href":"https:\/\/biofix.com.br\/es_co\/wp-json\/wp\/v2\/pages\/249"}],"wp:attachment":[{"href":"https:\/\/biofix.com.br\/es_co\/wp-json\/wp\/v2\/media?parent=1146"}],"curies":[{"name":"wp","href":"https:\/\/api.w.org\/{rel}","templated":true}]}}