{"id":1207,"date":"2018-11-16T16:11:39","date_gmt":"2018-11-16T16:11:39","guid":{"rendered":"https:\/\/the7.io\/g-business\/?page_id=1207"},"modified":"2024-12-09T19:56:04","modified_gmt":"2024-12-09T19:56:04","slug":"creditos-de-carbono","status":"publish","type":"page","link":"https:\/\/biofix.com.br\/es_co\/services\/creditos-de-carbono\/","title":{"rendered":"Comercializamos cr\u00e9ditos de carbono"},"content":{"rendered":"<div class=\"wpb-content-wrapper\"><div class=\"vc_row wpb_row vc_row-fluid\"><div class=\"wpb_column vc_column_container vc_col-sm-12\"><div class=\"vc_column-inner vc_custom_1560777659697\"><div class=\"wpb_wrapper\"><div id=\"ultimate-heading-311269e2d007c0fbc\" class=\"uvc-heading ult-adjust-bottom-margin ultimate-heading-311269e2d007c0fbc uvc-1306 accent-subtitle-color\" data-hspacer=\"no_spacer\"  data-halign=\"left\" style=\"text-align:left\"><div class=\"uvc-heading-spacer no_spacer\" style=\"top\"><\/div><div class=\"uvc-main-heading ult-responsive\"  data-ultimate-target='.uvc-heading.ultimate-heading-311269e2d007c0fbc h3'  data-responsive-json-new='{\"font-size\":\"desktop:30px;\",\"line-height\":\"desktop:40px;\"}' ><h3 style=\"font-weight:bold;margin-bottom:5px;\">VENDEMOS CR\u00c9DITOS DE CARBONO<\/h3><\/div><\/div>\n\t<div class=\"wpb_text_column wpb_content_element\" >\n\t\t<div class=\"wpb_wrapper\">\n\t\t\t<p>A trav\u00e9s del desarrollo de proyectos de mitigaci\u00f3n, emitimos cr\u00e9ditos de carbono para que empresas y personas puedan compensar sus emisiones de CO2 a la atm\u00f3sfera, ya sea a trav\u00e9s de un <b>compensaci\u00f3n voluntaria<\/b>\u00a0ou\u00a0<b>el impuesto.<\/b><\/p>\n\n\t\t<\/div>\n\t<\/div>\n<\/div><\/div><\/div><\/div><div class=\"vc_row wpb_row vc_row-fluid vc_custom_1652215549475\"><div class=\"wpb_column vc_column_container vc_col-sm-12\"><div class=\"vc_column-inner\"><div class=\"wpb_wrapper\"><style type=\"text\/css\" data-type=\"the7_shortcodes-inline-css\">.shortcode-single-image-wrap.shortcode-single-image-86b98eee06a72fdfab6f5e7393e45f28.enable-bg-rollover .rollover i,\n.shortcode-single-image-wrap.shortcode-single-image-86b98eee06a72fdfab6f5e7393e45f28.enable-bg-rollover .rollover-video i {\n  background: -webkit-linear-gradient();\n  background: linear-gradient();\n}\n.shortcode-single-image-wrap.shortcode-single-image-86b98eee06a72fdfab6f5e7393e45f28 .rollover-icon {\n  font-size: 32px;\n  color: #ffffff;\n  min-width: 44px;\n  min-height: 44px;\n  line-height: 44px;\n  border-radius: 100px;\n  border-style: solid;\n  border-width: 0px;\n}\n.dt-icon-bg-on.shortcode-single-image-wrap.shortcode-single-image-86b98eee06a72fdfab6f5e7393e45f28 .rollover-icon {\n  background: rgba(255,255,255,0.3);\n  box-shadow: none;\n}\n<\/style><div class=\"shortcode-single-image-wrap shortcode-single-image-86b98eee06a72fdfab6f5e7393e45f28 alignnone  enable-bg-rollover dt-icon-bg-off\" style=\"margin-top:0px; margin-bottom:0px; margin-left:0px; margin-right:0px; width:1600px;\"><div class=\"shortcode-single-image\"><div class=\"fancy-media-wrap  layzr-bg\" style=\"\"><img fetchpriority=\"high\" decoding=\"async\" class=\"preload-me lazy-load aspect\" src=\"data:image\/svg+xml,%3Csvg%20xmlns%3D&#39;http%3A%2F%2Fwww.w3.org%2F2000%2Fsvg&#39;%20viewBox%3D&#39;0%200%20600%20399&#39;%2F%3E\" data-src=\"https:\/\/biofix.com.br\/wp-content\/uploads\/2022\/05\/8.png\" data-srcset=\"https:\/\/biofix.com.br\/wp-content\/uploads\/2022\/05\/8.png 600w\" loading=\"eager\" sizes=\"(max-width: 600px) 100vw, 600px\" width=\"600\" height=\"399\"  data-dt-location=\"https:\/\/biofix.com.br\/es_co\/services\/creditos-de-carbono\/attachment\/8\/\" style=\"--ratio: 600 \/ 399;\" alt=\"\" \/><\/div><\/div><\/div><\/div><\/div><\/div><\/div><div class=\"vc_row wpb_row vc_row-fluid\"><div class=\"wpb_column vc_column_container vc_col-sm-12\"><div class=\"vc_column-inner vc_custom_1560778479070\"><div class=\"wpb_wrapper\"><div id=\"ultimate-heading-711969e2d007c2e6b\" class=\"uvc-heading ult-adjust-bottom-margin ultimate-heading-711969e2d007c2e6b uvc-4509 accent-subtitle-color\" data-hspacer=\"no_spacer\"  data-halign=\"left\" style=\"text-align:left\"><div class=\"uvc-heading-spacer no_spacer\" style=\"top\"><\/div><div class=\"uvc-main-heading ult-responsive\"  data-ultimate-target='.uvc-heading.ultimate-heading-711969e2d007c2e6b h3'  data-responsive-json-new='{\"font-size\":\"desktop:30px;\",\"line-height\":\"desktop:40px;\"}' ><h3 style=\"font-weight:bold;margin-bottom:5px;\">\u00bfQu\u00e9 es la compensaci\u00f3n voluntaria?<\/h3><\/div><\/div>\n\t<div class=\"wpb_text_column wpb_content_element\" >\n\t\t<div class=\"wpb_wrapper\">\n\t\t\t<p>Cualquier empresa o persona puede compensar las toneladas de carbono emitidas por su actividad diaria a la atm\u00f3sfera. Esto se puede lograr mediante la compra de bonos\/cr\u00e9ditos de carbono que se emiten a partir de proyectos de conservaci\u00f3n de bosques y como los que desarrolla BIOFIX bajo la metodolog\u00eda REDD+.<\/p>\n<p>Al comprar estos cr\u00e9ditos de carbono, las empresas o personas que realizan la compensaci\u00f3n no s\u00f3lo est\u00e1n siendo responsables del planeta, sino que aportan desarrollo social y ambiental a comunidades \u00e9tnicamente diferenciadas que cumplen el rol de protectores de los bosques.<\/p>\n\n\t\t<\/div>\n\t<\/div>\n<\/div><\/div><\/div><\/div><div class=\"vc_row wpb_row vc_row-fluid vc_custom_1652215555264\"><div class=\"wpb_column vc_column_container vc_col-sm-12\"><div class=\"vc_column-inner\"><div class=\"wpb_wrapper\"><style type=\"text\/css\" data-type=\"the7_shortcodes-inline-css\">.shortcode-single-image-wrap.shortcode-single-image-ad1cedc8f574bc843bb4688c3bca50e6.enable-bg-rollover .rollover i,\n.shortcode-single-image-wrap.shortcode-single-image-ad1cedc8f574bc843bb4688c3bca50e6.enable-bg-rollover .rollover-video i {\n  background: -webkit-linear-gradient();\n  background: linear-gradient();\n}\n.shortcode-single-image-wrap.shortcode-single-image-ad1cedc8f574bc843bb4688c3bca50e6 .rollover-icon {\n  font-size: 32px;\n  color: #ffffff;\n  min-width: 44px;\n  min-height: 44px;\n  line-height: 44px;\n  border-radius: 100px;\n  border-style: solid;\n  border-width: 0px;\n}\n.dt-icon-bg-on.shortcode-single-image-wrap.shortcode-single-image-ad1cedc8f574bc843bb4688c3bca50e6 .rollover-icon {\n  background: rgba(255,255,255,0.3);\n  box-shadow: none;\n}\n<\/style><div class=\"shortcode-single-image-wrap shortcode-single-image-ad1cedc8f574bc843bb4688c3bca50e6 alignnone  enable-bg-rollover dt-icon-bg-off\" style=\"margin-top:0px; margin-bottom:0px; margin-left:0px; margin-right:0px; width:1600px;\"><div class=\"shortcode-single-image\"><div class=\"fancy-media-wrap  layzr-bg\" style=\"\"><img decoding=\"async\" class=\"preload-me lazy-load aspect\" src=\"data:image\/svg+xml,%3Csvg%20xmlns%3D&#39;http%3A%2F%2Fwww.w3.org%2F2000%2Fsvg&#39;%20viewBox%3D&#39;0%200%201080%20540&#39;%2F%3E\" data-src=\"https:\/\/biofix.com.br\/wp-content\/uploads\/2022\/05\/9-2-1080x540.png\" data-srcset=\"https:\/\/biofix.com.br\/wp-content\/uploads\/2022\/05\/9-2-1080x540.png 1080w\" loading=\"eager\" sizes=\"(max-width: 1080px) 100vw, 1080px\" width=\"1080\" height=\"540\"  data-dt-location=\"https:\/\/biofix.com.br\/es_co\/services\/creditos-de-carbono\/9-2\/\" style=\"--ratio: 1080 \/ 540;\" alt=\"\" \/><\/div><\/div><\/div><\/div><\/div><\/div><\/div><div class=\"vc_row wpb_row vc_row-fluid\"><div class=\"wpb_column vc_column_container vc_col-sm-12\"><div class=\"vc_column-inner vc_custom_1560778512548\"><div class=\"wpb_wrapper\"><div id=\"ultimate-heading-764569e2d007c4567\" class=\"uvc-heading ult-adjust-bottom-margin ultimate-heading-764569e2d007c4567 uvc-5936 accent-subtitle-color\" data-hspacer=\"no_spacer\"  data-halign=\"left\" style=\"text-align:left\"><div class=\"uvc-heading-spacer no_spacer\" style=\"top\"><\/div><div class=\"uvc-main-heading ult-responsive\"  data-ultimate-target='.uvc-heading.ultimate-heading-764569e2d007c4567 h3'  data-responsive-json-new='{\"font-size\":\"desktop:30px;\",\"line-height\":\"desktop:40px;\"}' ><h3 style=\"font-weight:bold;margin-bottom:5px;\">\u00bfQu\u00e9 es la compensaci\u00f3n fiscal?<\/h3><\/div><\/div>\n\t<div class=\"wpb_text_column wpb_content_element  vc_custom_1700717345654\" >\n\t\t<div class=\"wpb_wrapper\">\n\t\t\t<p>Con el decreto-ley 926, emitido en 2017 en Colombia, y legislaci\u00f3n similar en algunos otros pa\u00edses del mundo, los contribuyentes dentro del impuesto al carbono tienen la posibilidad de recurrir a la figura de causalidad no vinculante mediante la compra de certificados de reducci\u00f3n de emisiones. El usuario o consumidor final puede investigar reducciones o eliminaciones de emisiones de gases de efecto invernadero a trav\u00e9s de proyectos de conservaci\u00f3n dentro o fuera de su organizaci\u00f3n.<\/p>\n<p>Proyectos como los desarrollados bajo el mecanismo REDD+ son ideales para generar certificados de compensaci\u00f3n, y las empresas, a trav\u00e9s de la compra de estos, contribuyen al desarrollo social y ambiental de comunidades \u00e9tnicamente diferenciadas que cumplen el rol de protectores de bosques.<\/p>\n\n\t\t<\/div>\n\t<\/div>\n<div class=\"vc_row wpb_row vc_inner vc_row-fluid\"><div class=\"wpb_column vc_column_container vc_col-sm-6\"><div class=\"vc_column-inner\"><div class=\"wpb_wrapper\"><style type=\"text\/css\" data-type=\"the7_shortcodes-inline-css\">#default-btn-30a36c6195717885508b78a3e4e5bf22.ico-right-side > i {\n  margin-right: 0px;\n  margin-left: 8px;\n}\n#default-btn-30a36c6195717885508b78a3e4e5bf22 > i {\n  margin-right: 8px;\n}\n<\/style><a href=\"mailto:operaciones@biofix.com.co\" class=\"default-btn-shortcode dt-btn dt-btn-m link-hover-off btn-inline-left\" target=\"_blank\" id=\"default-btn-30a36c6195717885508b78a3e4e5bf22\" rel=\"noopener\"><span>Necesito asesoramiento para mi empresa.<\/span><\/a><\/div><\/div><\/div><\/div><\/div><\/div><\/div><\/div>\n<\/div>","protected":false},"excerpt":{"rendered":"<p>COMERCIALIZARMOS CR\u00c9DITOS DE CARBONO Atrav\u00e9s do desenvolvimento de projetos de mitiga\u00e7\u00e3o, emitimos cr\u00e9dito de carbono para que empresas e pessoas compensem suas emiss\u00f5es de CO2 para a atmosfera, seja atrav\u00e9s de uma compensa\u00e7\u00e3o volunt\u00e1ria\u00a0ou\u00a0o imposto. O que \u00e9 a compensa\u00e7\u00e3o volunt\u00e1ria? Qualquer empresa ou pessoa pode compensar para a atmosfera toneladas de carbono emitidas por&hellip;<\/p>","protected":false},"author":1,"featured_media":0,"parent":249,"menu_order":2,"comment_status":"closed","ping_status":"closed","template":"","meta":{"footnotes":""},"class_list":["post-1207","page","type-page","status-publish","hentry","description-off"],"yoast_head":"<!-- This site is optimized with the Yoast SEO plugin v27.4 - https:\/\/yoast.com\/product\/yoast-seo-wordpress\/ -->\n<title>Comercializar cr\u00e9ditos de carbono - Biofix Br BIC<\/title>\n<meta name=\"robots\" content=\"index, follow, max-snippet:-1, max-image-preview:large, max-video-preview:-1\" \/>\n<link rel=\"canonical\" href=\"https:\/\/biofix.com.br\/es_co\/services\/creditos-de-carbono\/\" \/>\n<meta property=\"og:locale\" content=\"es_ES\" \/>\n<meta property=\"og:type\" content=\"article\" \/>\n<meta property=\"og:title\" content=\"Comercializar cr\u00e9ditos de carbono - Biofix Br BIC\" \/>\n<meta property=\"og:url\" content=\"https:\/\/biofix.com.br\/es_co\/services\/creditos-de-carbono\/\" \/>\n<meta property=\"og:site_name\" content=\"Biofix Br BIC\" \/>\n<meta property=\"article:modified_time\" content=\"2024-12-09T19:56:04+00:00\" \/>\n<meta name=\"twitter:card\" content=\"summary_large_image\" \/>\n<meta name=\"twitter:label1\" content=\"Tiempo de lectura\" \/>\n\t<meta name=\"twitter:data1\" content=\"2 minutos\" \/>\n<script type=\"application\/ld+json\" class=\"yoast-schema-graph\">{\"@context\":\"https:\\\/\\\/schema.org\",\"@graph\":[{\"@type\":\"WebPage\",\"@id\":\"https:\\\/\\\/biofix.com.br\\\/services\\\/creditos-de-carbono\\\/\",\"url\":\"https:\\\/\\\/biofix.com.br\\\/services\\\/creditos-de-carbono\\\/\",\"name\":\"Comercializar cr\u00e9ditos de carbono - Biofix Br BIC\",\"isPartOf\":{\"@id\":\"https:\\\/\\\/biofix.com.br\\\/#website\"},\"datePublished\":\"2018-11-16T16:11:39+00:00\",\"dateModified\":\"2024-12-09T19:56:04+00:00\",\"breadcrumb\":{\"@id\":\"https:\\\/\\\/biofix.com.br\\\/services\\\/creditos-de-carbono\\\/#breadcrumb\"},\"inLanguage\":\"es-CO\",\"potentialAction\":[{\"@type\":\"ReadAction\",\"target\":[\"https:\\\/\\\/biofix.com.br\\\/services\\\/creditos-de-carbono\\\/\"]}]},{\"@type\":\"BreadcrumbList\",\"@id\":\"https:\\\/\\\/biofix.com.br\\\/services\\\/creditos-de-carbono\\\/#breadcrumb\",\"itemListElement\":[{\"@type\":\"ListItem\",\"position\":1,\"name\":\"Inicio\",\"item\":\"https:\\\/\\\/biofix.com.br\\\/\"},{\"@type\":\"ListItem\",\"position\":2,\"name\":\"Servi\u00e7os\",\"item\":\"https:\\\/\\\/biofix.com.br\\\/services\\\/\"},{\"@type\":\"ListItem\",\"position\":3,\"name\":\"Comercializar cr\u00e9ditos de carbono\"}]},{\"@type\":\"WebSite\",\"@id\":\"https:\\\/\\\/biofix.com.br\\\/#website\",\"url\":\"https:\\\/\\\/biofix.com.br\\\/\",\"name\":\"Biofix Brasil BIC\",\"description\":\"\",\"publisher\":{\"@id\":\"https:\\\/\\\/biofix.com.br\\\/#organization\"},\"potentialAction\":[{\"@type\":\"SearchAction\",\"target\":{\"@type\":\"EntryPoint\",\"urlTemplate\":\"https:\\\/\\\/biofix.com.br\\\/?s={search_term_string}\"},\"query-input\":{\"@type\":\"PropertyValueSpecification\",\"valueRequired\":true,\"valueName\":\"search_term_string\"}}],\"inLanguage\":\"es-CO\"},{\"@type\":\"Organization\",\"@id\":\"https:\\\/\\\/biofix.com.br\\\/#organization\",\"name\":\"Biofix Brasil BIC\",\"url\":\"https:\\\/\\\/biofix.com.br\\\/\",\"logo\":{\"@type\":\"ImageObject\",\"inLanguage\":\"es-CO\",\"@id\":\"https:\\\/\\\/biofix.com.br\\\/#\\\/schema\\\/logo\\\/image\\\/\",\"url\":\"https:\\\/\\\/biofix.com.br\\\/wp-content\\\/uploads\\\/2022\\\/04\\\/BIOFIX-COLOR-H.png\",\"contentUrl\":\"https:\\\/\\\/biofix.com.br\\\/wp-content\\\/uploads\\\/2022\\\/04\\\/BIOFIX-COLOR-H.png\",\"width\":168,\"height\":71,\"caption\":\"Biofix Brasil BIC\"},\"image\":{\"@id\":\"https:\\\/\\\/biofix.com.br\\\/#\\\/schema\\\/logo\\\/image\\\/\"},\"sameAs\":[\"https:\\\/\\\/www.instagram.com\\\/biofixbrasil\\\/\",\"https:\\\/\\\/www.linkedin.com\\\/company\\\/91119074\\\/admin\\\/settings\\\/\"]}]}<\/script>\n<!-- \/ Yoast SEO plugin. -->","yoast_head_json":{"title":"Comercializar cr\u00e9ditos de carbono - Biofix Br BIC","robots":{"index":"index","follow":"follow","max-snippet":"max-snippet:-1","max-image-preview":"max-image-preview:large","max-video-preview":"max-video-preview:-1"},"canonical":"https:\/\/biofix.com.br\/es_co\/services\/creditos-de-carbono\/","og_locale":"es_ES","og_type":"article","og_title":"Comercializar cr\u00e9ditos de carbono - Biofix Br BIC","og_url":"https:\/\/biofix.com.br\/es_co\/services\/creditos-de-carbono\/","og_site_name":"Biofix Br BIC","article_modified_time":"2024-12-09T19:56:04+00:00","twitter_card":"summary_large_image","twitter_misc":{"Tiempo de lectura":"2 minutos"},"schema":{"@context":"https:\/\/schema.org","@graph":[{"@type":"WebPage","@id":"https:\/\/biofix.com.br\/services\/creditos-de-carbono\/","url":"https:\/\/biofix.com.br\/services\/creditos-de-carbono\/","name":"Comercializar cr\u00e9ditos de carbono - Biofix Br BIC","isPartOf":{"@id":"https:\/\/biofix.com.br\/#website"},"datePublished":"2018-11-16T16:11:39+00:00","dateModified":"2024-12-09T19:56:04+00:00","breadcrumb":{"@id":"https:\/\/biofix.com.br\/services\/creditos-de-carbono\/#breadcrumb"},"inLanguage":"es-CO","potentialAction":[{"@type":"ReadAction","target":["https:\/\/biofix.com.br\/services\/creditos-de-carbono\/"]}]},{"@type":"BreadcrumbList","@id":"https:\/\/biofix.com.br\/services\/creditos-de-carbono\/#breadcrumb","itemListElement":[{"@type":"ListItem","position":1,"name":"Inicio","item":"https:\/\/biofix.com.br\/"},{"@type":"ListItem","position":2,"name":"Servi\u00e7os","item":"https:\/\/biofix.com.br\/services\/"},{"@type":"ListItem","position":3,"name":"Comercializar cr\u00e9ditos de carbono"}]},{"@type":"WebSite","@id":"https:\/\/biofix.com.br\/#website","url":"https:\/\/biofix.com.br\/","name":"Biofix Brasil BIC","description":"","publisher":{"@id":"https:\/\/biofix.com.br\/#organization"},"potentialAction":[{"@type":"SearchAction","target":{"@type":"EntryPoint","urlTemplate":"https:\/\/biofix.com.br\/?s={search_term_string}"},"query-input":{"@type":"PropertyValueSpecification","valueRequired":true,"valueName":"search_term_string"}}],"inLanguage":"es-CO"},{"@type":"Organization","@id":"https:\/\/biofix.com.br\/#organization","name":"Biofix Brasil BIC","url":"https:\/\/biofix.com.br\/","logo":{"@type":"ImageObject","inLanguage":"es-CO","@id":"https:\/\/biofix.com.br\/#\/schema\/logo\/image\/","url":"https:\/\/biofix.com.br\/wp-content\/uploads\/2022\/04\/BIOFIX-COLOR-H.png","contentUrl":"https:\/\/biofix.com.br\/wp-content\/uploads\/2022\/04\/BIOFIX-COLOR-H.png","width":168,"height":71,"caption":"Biofix Brasil BIC"},"image":{"@id":"https:\/\/biofix.com.br\/#\/schema\/logo\/image\/"},"sameAs":["https:\/\/www.instagram.com\/biofixbrasil\/","https:\/\/www.linkedin.com\/company\/91119074\/admin\/settings\/"]}]}},"_links":{"self":[{"href":"https:\/\/biofix.com.br\/es_co\/wp-json\/wp\/v2\/pages\/1207","targetHints":{"allow":["GET"]}}],"collection":[{"href":"https:\/\/biofix.com.br\/es_co\/wp-json\/wp\/v2\/pages"}],"about":[{"href":"https:\/\/biofix.com.br\/es_co\/wp-json\/wp\/v2\/types\/page"}],"author":[{"embeddable":true,"href":"https:\/\/biofix.com.br\/es_co\/wp-json\/wp\/v2\/users\/1"}],"replies":[{"embeddable":true,"href":"https:\/\/biofix.com.br\/es_co\/wp-json\/wp\/v2\/comments?post=1207"}],"version-history":[{"count":27,"href":"https:\/\/biofix.com.br\/es_co\/wp-json\/wp\/v2\/pages\/1207\/revisions"}],"predecessor-version":[{"id":3681,"href":"https:\/\/biofix.com.br\/es_co\/wp-json\/wp\/v2\/pages\/1207\/revisions\/3681"}],"up":[{"embeddable":true,"href":"https:\/\/biofix.com.br\/es_co\/wp-json\/wp\/v2\/pages\/249"}],"wp:attachment":[{"href":"https:\/\/biofix.com.br\/es_co\/wp-json\/wp\/v2\/media?parent=1207"}],"curies":[{"name":"wp","href":"https:\/\/api.w.org\/{rel}","templated":true}]}}