{"id":260,"date":"2018-10-30T18:20:12","date_gmt":"2018-10-30T18:20:12","guid":{"rendered":"https:\/\/the7.io\/g-business\/?page_id=260"},"modified":"2024-03-06T19:50:56","modified_gmt":"2024-03-06T19:50:56","slug":"contato","status":"publish","type":"page","link":"https:\/\/biofix.com.br\/es_co\/contato\/","title":{"rendered":"Email"},"content":{"rendered":"<div class=\"wpb-content-wrapper\"><div class=\"vc_row wpb_row vc_row-fluid vc_custom_1560850714045 vc_row-o-equal-height vc_row-o-content-middle vc_row-flex\"><div class=\"wpb_column vc_column_container vc_col-sm-6\"><div class=\"vc_column-inner\"><div class=\"wpb_wrapper\"><div id=\"ultimate-heading-15369e2301f21383\" class=\"uvc-heading ult-adjust-bottom-margin ultimate-heading-15369e2301f21383 uvc-2425 accent-title-color color-title\" data-hspacer=\"no_spacer\"  data-halign=\"center\" style=\"text-align:center\"><div class=\"uvc-heading-spacer no_spacer\" style=\"top\"><\/div><div class=\"uvc-main-heading ult-responsive\"  data-ultimate-target='.uvc-heading.ultimate-heading-15369e2301f21383 h2'  data-responsive-json-new='{\"font-size\":\"desktop:16px;\",\"line-height\":\"desktop:28px;\"}' ><h2 style=\"--font-weight:theme;\">ENTRE EM CONTATO:<\/h2><\/div><div class=\"uvc-sub-heading ult-responsive\"  data-ultimate-target='.uvc-heading.ultimate-heading-15369e2301f21383 .uvc-sub-heading '  data-responsive-json-new='{\"font-size\":\"desktop:18px;\",\"line-height\":\"desktop:28px;\"}'  style=\"font-weight:bold;margin-bottom:20px;\">contatobrasil@biofix.com.br<\/div><\/div><div id=\"ultimate-heading-504369e2301f213eb\" class=\"uvc-heading ult-adjust-bottom-margin ultimate-heading-504369e2301f213eb uvc-4170 accent-title-color color-title\" data-hspacer=\"no_spacer\"  data-halign=\"center\" style=\"text-align:center\"><div class=\"uvc-heading-spacer no_spacer\" style=\"top\"><\/div><div class=\"uvc-main-heading ult-responsive\"  data-ultimate-target='.uvc-heading.ultimate-heading-504369e2301f213eb h2'  data-responsive-json-new='{\"font-size\":\"desktop:16px;\",\"line-height\":\"desktop:28px;\"}' ><h2 style=\"--font-weight:theme;margin-bottom:10px;\">SIGA NOSSAS REDES:<\/h2><\/div><\/div><style type=\"text\/css\" data-type=\"the7_shortcodes-inline-css\">.dt-shortcode-soc-icons.soc-icons-3d2c8c957fe2ad9e6afcda27b358516e a {\n  margin-right: 10px;\n}\n.dt-shortcode-soc-icons a.soc-icons-3d2c8c957fe2ad9e6afcda27b358516e {\n  margin-right: 10px;\n}\n.dt-shortcode-soc-icons a.soc-icons-3d2c8c957fe2ad9e6afcda27b358516e:last-child {\n  margin-right: 0;\n}\n.dt-shortcode-soc-icons a.soc-icons-3d2c8c957fe2ad9e6afcda27b358516e:before,\n.dt-shortcode-soc-icons a.soc-icons-3d2c8c957fe2ad9e6afcda27b358516e:after {\n  padding: inherit;\n}\n.dt-shortcode-soc-icons a.soc-icons-3d2c8c957fe2ad9e6afcda27b358516e.dt-icon-border-on:before {\n  border:  solid ;\n}\n.dt-shortcode-soc-icons a.soc-icons-3d2c8c957fe2ad9e6afcda27b358516e.dt-icon-hover-border-on:after {\n  border:  solid ;\n}\n<\/style><div class=\"dt-shortcode-soc-icons  soc-icons-3d2c8c957fe2ad9e6afcda27b358516e soc-icons-center  vc_custom_1560850719006\" ><style type=\"text\/css\" data-type=\"the7_shortcodes-inline-css\">.dt-shortcode-soc-icons a.single-soc-icon-38aea791d4949f99980afb1d5290725d {\n  min-width: 50px;\n  min-height: 50px;\n  font-size: 24px;\n  border-radius: 100px;\n}\n.dt-shortcode-soc-icons a.single-soc-icon-38aea791d4949f99980afb1d5290725d:last-child {\n  margin-right: 0;\n}\n.dt-shortcode-soc-icons a.single-soc-icon-38aea791d4949f99980afb1d5290725d:before,\n.dt-shortcode-soc-icons a.single-soc-icon-38aea791d4949f99980afb1d5290725d:after {\n  min-width: 50px;\n  min-height: 50px;\n  padding: inherit;\n}\n.dt-shortcode-soc-icons a.single-soc-icon-38aea791d4949f99980afb1d5290725d.dt-icon-border-on:before {\n  border: 0px solid ;\n}\n.dt-shortcode-soc-icons a.single-soc-icon-38aea791d4949f99980afb1d5290725d.dt-icon-hover-border-on:after {\n  border: 0px solid ;\n}\n.dt-shortcode-soc-icons a.single-soc-icon-38aea791d4949f99980afb1d5290725d:hover {\n  font-size: 24px;\n}\n#page .dt-shortcode-soc-icons a.single-soc-icon-38aea791d4949f99980afb1d5290725d:hover .soc-font-icon,\n#phantom .dt-shortcode-soc-icons a.single-soc-icon-38aea791d4949f99980afb1d5290725d:hover .soc-font-icon,\n#page .dt-shortcode-soc-icons a.single-soc-icon-38aea791d4949f99980afb1d5290725d:hover .soc-icon,\n#phantom .dt-shortcode-soc-icons a.single-soc-icon-38aea791d4949f99980afb1d5290725d:hover .soc-icon {\n  color: rgba(255,255,255,0.75);\n  background: none;\n}\n#page .dt-shortcode-soc-icons a.single-soc-icon-38aea791d4949f99980afb1d5290725d:not(:hover) .soc-font-icon,\n#phantom .dt-shortcode-soc-icons a.single-soc-icon-38aea791d4949f99980afb1d5290725d:not(:hover) .soc-font-icon,\n#page .dt-shortcode-soc-icons a.single-soc-icon-38aea791d4949f99980afb1d5290725d:not(:hover) .soc-icon,\n#phantom .dt-shortcode-soc-icons a.single-soc-icon-38aea791d4949f99980afb1d5290725d:not(:hover) .soc-icon {\n  color: #ffffff;\n  background: none;\n}\n.dt-shortcode-soc-icons a.single-soc-icon-38aea791d4949f99980afb1d5290725d .soc-font-icon,\n.dt-shortcode-soc-icons a.single-soc-icon-38aea791d4949f99980afb1d5290725d .soc-icon {\n  font-size: 24px;\n}\n<\/style><a title=\"Linkedin\" href=\"https:\/\/www.linkedin.com\/company\/91119074\/admin\/settings\/\"  target=\"_blank\"class=\"linkedin single-soc-icon-38aea791d4949f99980afb1d5290725d dt-icon-bg-on dt-icon-border-on dt-icon-hover-border-on dt-icon-hover-bg-on  \" ><i class=\"soc-icon soc-font-icon dt-icon-linkedin\"><\/i><span class=\"screen-reader-text\">Linkedin<\/span><\/a><style type=\"text\/css\" data-type=\"the7_shortcodes-inline-css\">.dt-shortcode-soc-icons a.single-soc-icon-7f9ca9816a866c97f170b06a70c2aefa {\n  min-width: 50px;\n  min-height: 50px;\n  font-size: 24px;\n  border-radius: 100px;\n}\n.dt-shortcode-soc-icons a.single-soc-icon-7f9ca9816a866c97f170b06a70c2aefa:last-child {\n  margin-right: 0;\n}\n.dt-shortcode-soc-icons a.single-soc-icon-7f9ca9816a866c97f170b06a70c2aefa:before,\n.dt-shortcode-soc-icons a.single-soc-icon-7f9ca9816a866c97f170b06a70c2aefa:after {\n  min-width: 50px;\n  min-height: 50px;\n  padding: inherit;\n}\n.dt-shortcode-soc-icons a.single-soc-icon-7f9ca9816a866c97f170b06a70c2aefa.dt-icon-border-on:before {\n  border: 0px solid ;\n}\n.dt-shortcode-soc-icons a.single-soc-icon-7f9ca9816a866c97f170b06a70c2aefa.dt-icon-hover-border-on:after {\n  border: 0px solid ;\n}\n.dt-shortcode-soc-icons a.single-soc-icon-7f9ca9816a866c97f170b06a70c2aefa:hover {\n  font-size: 24px;\n}\n#page .dt-shortcode-soc-icons a.single-soc-icon-7f9ca9816a866c97f170b06a70c2aefa:hover .soc-font-icon,\n#phantom .dt-shortcode-soc-icons a.single-soc-icon-7f9ca9816a866c97f170b06a70c2aefa:hover .soc-font-icon,\n#page .dt-shortcode-soc-icons a.single-soc-icon-7f9ca9816a866c97f170b06a70c2aefa:hover .soc-icon,\n#phantom .dt-shortcode-soc-icons a.single-soc-icon-7f9ca9816a866c97f170b06a70c2aefa:hover .soc-icon {\n  color: rgba(255,255,255,0.75);\n  background: none;\n}\n#page .dt-shortcode-soc-icons a.single-soc-icon-7f9ca9816a866c97f170b06a70c2aefa:not(:hover) .soc-font-icon,\n#phantom .dt-shortcode-soc-icons a.single-soc-icon-7f9ca9816a866c97f170b06a70c2aefa:not(:hover) .soc-font-icon,\n#page .dt-shortcode-soc-icons a.single-soc-icon-7f9ca9816a866c97f170b06a70c2aefa:not(:hover) .soc-icon,\n#phantom .dt-shortcode-soc-icons a.single-soc-icon-7f9ca9816a866c97f170b06a70c2aefa:not(:hover) .soc-icon {\n  color: #ffffff;\n  background: none;\n}\n.dt-shortcode-soc-icons a.single-soc-icon-7f9ca9816a866c97f170b06a70c2aefa .soc-font-icon,\n.dt-shortcode-soc-icons a.single-soc-icon-7f9ca9816a866c97f170b06a70c2aefa .soc-icon {\n  font-size: 24px;\n}\n<\/style><a title=\"Instagram\" href=\"https:\/\/www.instagram.com\/biofixbrasil\/\"  target=\"_blank\"class=\"instagram single-soc-icon-7f9ca9816a866c97f170b06a70c2aefa dt-icon-bg-on dt-icon-border-on dt-icon-hover-border-on dt-icon-hover-bg-on  \" ><i class=\"soc-icon soc-font-icon dt-icon-instagram\"><\/i><span class=\"screen-reader-text\">Instagram<\/span><\/a><\/div><\/div><\/div><\/div><div class=\"wpb_column vc_column_container vc_col-sm-6\"><div class=\"vc_column-inner vc_custom_1560851109721\"><div class=\"wpb_wrapper\"><form class=\"dt-contact-form dt-form privacy-form\" method=\"post\"><input type=\"hidden\" name=\"widget_id\" value=\"presscore-contact-form-widget--1\" \/><input type=\"hidden\" name=\"send_message\" value=\"\" \/><input type=\"hidden\" name=\"security_token\" value=\"554f17385ade141eacef\"\/><div class=\"form-fields\"><span class=\"form-name\"><label class=\"assistive-text\">Name *<\/label><input type=\"text\" class=\"validate[required]\" placeholder=\"Name *\" name=\"name\" value=\"\" aria-required=\"true\">\n<\/span><span class=\"form-mail\"><label class=\"assistive-text\">E-mail *<\/label><input type=\"text\" class=\"validate[required,custom[email]]\" placeholder=\"E-mail *\" name=\"email\" value=\"\" aria-required=\"true\">\n<\/span><span class=\"form-telephone\"><label class=\"assistive-text\">Telephone<\/label><input type=\"text\" placeholder=\"Telephone\" name=\"telephone\" value=\"\" aria-required=\"false\">\n<\/span><span class=\"form-country\"><label class=\"assistive-text\">Country<\/label><input type=\"text\" placeholder=\"Country\" name=\"country\" value=\"\" aria-required=\"false\">\n<\/span><span class=\"form-city\"><label class=\"assistive-text\">City<\/label><input type=\"text\" placeholder=\"City\" name=\"city\" value=\"\" aria-required=\"false\">\n<\/span><span class=\"form-company\"><label class=\"assistive-text\">Company<\/label><input type=\"text\" placeholder=\"Company\" name=\"company\" value=\"\" aria-required=\"false\">\n<\/span><\/div><span class=\"form-message\"><label class=\"assistive-text\">Message *<\/label><textarea class=\"validate[required]\" placeholder=\"Message *\" name=\"message\" rows=\"7\" aria-required=\"true\"><\/textarea>\n<\/span><p class=\"the7-form-terms-wrap\"><input type=\"checkbox\" id=\"the7-form-terms-4996dcc43b5be197b5887a4e60817b1c\" name=\"terms\" class=\"validate[required] the7-form-terms\" aria-required=\"true\" \/>&nbsp;<label for=\"the7-form-terms-4996dcc43b5be197b5887a4e60817b1c\"><span class=\"form-terms-text\">Eu aceito <a href=\"https:\/\/biofix.co\/politica-de-proteccion-de-datos-personales\/\" target=\"__blank\">o Termos e condi\u00e7\u00f5es, Pol\u00edtica de privacidade e tratamento dos meus dados pessoais<\/a><\/span><\/label><\/p><p><a href=\"#\" class=\"dt-btn dt-btn-m dt-btn-submit\" rel=\"nofollow\"><span>Enviar<\/span><\/a><input class=\"assistive-text\" type=\"submit\" value=\"submit\"><\/p><\/form>\n<\/div><\/div><\/div><\/div>\n<\/div>","protected":false},"excerpt":{"rendered":"<p>ENTRE EM CONTATO:contatobrasil@biofix.com.brSIGA NOSSAS REDES:<\/p>","protected":false},"author":1,"featured_media":0,"parent":0,"menu_order":70,"comment_status":"closed","ping_status":"closed","template":"","meta":{"footnotes":""},"class_list":["post-260","page","type-page","status-publish","hentry","description-off"],"yoast_head":"<!-- This site is optimized with the Yoast SEO plugin v27.4 - https:\/\/yoast.com\/product\/yoast-seo-wordpress\/ -->\n<title>Contato - Biofix Br BIC<\/title>\n<meta name=\"robots\" content=\"index, follow, max-snippet:-1, max-image-preview:large, max-video-preview:-1\" \/>\n<link rel=\"canonical\" href=\"https:\/\/biofix.com.br\/es_co\/contato\/\" \/>\n<meta property=\"og:locale\" content=\"es_ES\" \/>\n<meta property=\"og:type\" content=\"article\" \/>\n<meta property=\"og:title\" content=\"Contato - Biofix Br BIC\" \/>\n<meta property=\"og:url\" content=\"https:\/\/biofix.com.br\/es_co\/contato\/\" \/>\n<meta property=\"og:site_name\" content=\"Biofix Br BIC\" \/>\n<meta property=\"article:modified_time\" content=\"2024-03-06T19:50:56+00:00\" \/>\n<meta name=\"twitter:card\" content=\"summary_large_image\" \/>\n<meta name=\"twitter:label1\" content=\"Tiempo de lectura\" \/>\n\t<meta name=\"twitter:data1\" content=\"1 minuto\" \/>\n<script type=\"application\/ld+json\" class=\"yoast-schema-graph\">{\"@context\":\"https:\\\/\\\/schema.org\",\"@graph\":[{\"@type\":\"WebPage\",\"@id\":\"https:\\\/\\\/biofix.com.br\\\/contato\\\/\",\"url\":\"https:\\\/\\\/biofix.com.br\\\/contato\\\/\",\"name\":\"Contato - Biofix Br BIC\",\"isPartOf\":{\"@id\":\"https:\\\/\\\/biofix.com.br\\\/#website\"},\"datePublished\":\"2018-10-30T18:20:12+00:00\",\"dateModified\":\"2024-03-06T19:50:56+00:00\",\"breadcrumb\":{\"@id\":\"https:\\\/\\\/biofix.com.br\\\/contato\\\/#breadcrumb\"},\"inLanguage\":\"es-CO\",\"potentialAction\":[{\"@type\":\"ReadAction\",\"target\":[\"https:\\\/\\\/biofix.com.br\\\/contato\\\/\"]}]},{\"@type\":\"BreadcrumbList\",\"@id\":\"https:\\\/\\\/biofix.com.br\\\/contato\\\/#breadcrumb\",\"itemListElement\":[{\"@type\":\"ListItem\",\"position\":1,\"name\":\"Inicio\",\"item\":\"https:\\\/\\\/biofix.com.br\\\/\"},{\"@type\":\"ListItem\",\"position\":2,\"name\":\"Contato\"}]},{\"@type\":\"WebSite\",\"@id\":\"https:\\\/\\\/biofix.com.br\\\/#website\",\"url\":\"https:\\\/\\\/biofix.com.br\\\/\",\"name\":\"Biofix Brasil BIC\",\"description\":\"\",\"publisher\":{\"@id\":\"https:\\\/\\\/biofix.com.br\\\/#organization\"},\"potentialAction\":[{\"@type\":\"SearchAction\",\"target\":{\"@type\":\"EntryPoint\",\"urlTemplate\":\"https:\\\/\\\/biofix.com.br\\\/?s={search_term_string}\"},\"query-input\":{\"@type\":\"PropertyValueSpecification\",\"valueRequired\":true,\"valueName\":\"search_term_string\"}}],\"inLanguage\":\"es-CO\"},{\"@type\":\"Organization\",\"@id\":\"https:\\\/\\\/biofix.com.br\\\/#organization\",\"name\":\"Biofix Brasil BIC\",\"url\":\"https:\\\/\\\/biofix.com.br\\\/\",\"logo\":{\"@type\":\"ImageObject\",\"inLanguage\":\"es-CO\",\"@id\":\"https:\\\/\\\/biofix.com.br\\\/#\\\/schema\\\/logo\\\/image\\\/\",\"url\":\"https:\\\/\\\/biofix.com.br\\\/wp-content\\\/uploads\\\/2022\\\/04\\\/BIOFIX-COLOR-H.png\",\"contentUrl\":\"https:\\\/\\\/biofix.com.br\\\/wp-content\\\/uploads\\\/2022\\\/04\\\/BIOFIX-COLOR-H.png\",\"width\":168,\"height\":71,\"caption\":\"Biofix Brasil BIC\"},\"image\":{\"@id\":\"https:\\\/\\\/biofix.com.br\\\/#\\\/schema\\\/logo\\\/image\\\/\"},\"sameAs\":[\"https:\\\/\\\/www.instagram.com\\\/biofixbrasil\\\/\",\"https:\\\/\\\/www.linkedin.com\\\/company\\\/91119074\\\/admin\\\/settings\\\/\"]}]}<\/script>\n<!-- \/ Yoast SEO plugin. -->","yoast_head_json":{"title":"Contato - Biofix Br BIC","robots":{"index":"index","follow":"follow","max-snippet":"max-snippet:-1","max-image-preview":"max-image-preview:large","max-video-preview":"max-video-preview:-1"},"canonical":"https:\/\/biofix.com.br\/es_co\/contato\/","og_locale":"es_ES","og_type":"article","og_title":"Contato - Biofix Br BIC","og_url":"https:\/\/biofix.com.br\/es_co\/contato\/","og_site_name":"Biofix Br BIC","article_modified_time":"2024-03-06T19:50:56+00:00","twitter_card":"summary_large_image","twitter_misc":{"Tiempo de lectura":"1 minuto"},"schema":{"@context":"https:\/\/schema.org","@graph":[{"@type":"WebPage","@id":"https:\/\/biofix.com.br\/contato\/","url":"https:\/\/biofix.com.br\/contato\/","name":"Contato - Biofix Br BIC","isPartOf":{"@id":"https:\/\/biofix.com.br\/#website"},"datePublished":"2018-10-30T18:20:12+00:00","dateModified":"2024-03-06T19:50:56+00:00","breadcrumb":{"@id":"https:\/\/biofix.com.br\/contato\/#breadcrumb"},"inLanguage":"es-CO","potentialAction":[{"@type":"ReadAction","target":["https:\/\/biofix.com.br\/contato\/"]}]},{"@type":"BreadcrumbList","@id":"https:\/\/biofix.com.br\/contato\/#breadcrumb","itemListElement":[{"@type":"ListItem","position":1,"name":"Inicio","item":"https:\/\/biofix.com.br\/"},{"@type":"ListItem","position":2,"name":"Contato"}]},{"@type":"WebSite","@id":"https:\/\/biofix.com.br\/#website","url":"https:\/\/biofix.com.br\/","name":"Biofix Brasil BIC","description":"","publisher":{"@id":"https:\/\/biofix.com.br\/#organization"},"potentialAction":[{"@type":"SearchAction","target":{"@type":"EntryPoint","urlTemplate":"https:\/\/biofix.com.br\/?s={search_term_string}"},"query-input":{"@type":"PropertyValueSpecification","valueRequired":true,"valueName":"search_term_string"}}],"inLanguage":"es-CO"},{"@type":"Organization","@id":"https:\/\/biofix.com.br\/#organization","name":"Biofix Brasil BIC","url":"https:\/\/biofix.com.br\/","logo":{"@type":"ImageObject","inLanguage":"es-CO","@id":"https:\/\/biofix.com.br\/#\/schema\/logo\/image\/","url":"https:\/\/biofix.com.br\/wp-content\/uploads\/2022\/04\/BIOFIX-COLOR-H.png","contentUrl":"https:\/\/biofix.com.br\/wp-content\/uploads\/2022\/04\/BIOFIX-COLOR-H.png","width":168,"height":71,"caption":"Biofix Brasil BIC"},"image":{"@id":"https:\/\/biofix.com.br\/#\/schema\/logo\/image\/"},"sameAs":["https:\/\/www.instagram.com\/biofixbrasil\/","https:\/\/www.linkedin.com\/company\/91119074\/admin\/settings\/"]}]}},"_links":{"self":[{"href":"https:\/\/biofix.com.br\/es_co\/wp-json\/wp\/v2\/pages\/260","targetHints":{"allow":["GET"]}}],"collection":[{"href":"https:\/\/biofix.com.br\/es_co\/wp-json\/wp\/v2\/pages"}],"about":[{"href":"https:\/\/biofix.com.br\/es_co\/wp-json\/wp\/v2\/types\/page"}],"author":[{"embeddable":true,"href":"https:\/\/biofix.com.br\/es_co\/wp-json\/wp\/v2\/users\/1"}],"replies":[{"embeddable":true,"href":"https:\/\/biofix.com.br\/es_co\/wp-json\/wp\/v2\/comments?post=260"}],"version-history":[{"count":31,"href":"https:\/\/biofix.com.br\/es_co\/wp-json\/wp\/v2\/pages\/260\/revisions"}],"predecessor-version":[{"id":5801,"href":"https:\/\/biofix.com.br\/es_co\/wp-json\/wp\/v2\/pages\/260\/revisions\/5801"}],"wp:attachment":[{"href":"https:\/\/biofix.com.br\/es_co\/wp-json\/wp\/v2\/media?parent=260"}],"curies":[{"name":"wp","href":"https:\/\/api.w.org\/{rel}","templated":true}]}}