{"id":4139,"date":"2022-06-02T20:38:19","date_gmt":"2022-06-02T20:38:19","guid":{"rendered":"https:\/\/biofix.com.br\/?page_id=4139"},"modified":"2023-08-03T21:18:06","modified_gmt":"2023-08-03T21:18:06","slug":"sagrilaft","status":"publish","type":"page","link":"https:\/\/biofix.com.br\/es_co\/sagrilaft\/","title":{"rendered":"Sagrilaft"},"content":{"rendered":"<div class=\"wpb-content-wrapper\"><div class=\"vc_row wpb_row vc_row-fluid\"><div class=\"wpb_column vc_column_container vc_col-sm-12\"><div class=\"vc_column-inner\"><div class=\"wpb_wrapper\">\n\t<div class=\"wpb_text_column wpb_content_element  vc_custom_1658507475845\" >\n\t\t<div class=\"wpb_wrapper\">\n\t\t\t<h3 style=\"text-align: center;\">Conoce nuestras pol\u00edticas de \u00c9tica Empresarial y Sagrilaft<\/h3>\n\n\t\t<\/div>\n\t<\/div>\n\n<div class=\"vc_grid-container-wrapper vc_clearfix vc_grid-animation-fadeIn\">\n\t<div class=\"vc_grid-container vc_clearfix wpb_content_element vc_media_grid\" data-initial-loading-animation=\"fadeIn\" data-vc-grid-settings=\"{&quot;page_id&quot;:4139,&quot;style&quot;:&quot;all&quot;,&quot;action&quot;:&quot;vc_get_vc_grid_data&quot;,&quot;shortcode_id&quot;:&quot;1691096605328-daa93527-425a-10&quot;,&quot;tag&quot;:&quot;vc_media_grid&quot;}\" data-vc-request=\"https:\/\/biofix.com.br\/wp-admin\/admin-ajax.php\" data-vc-post-id=\"4139\" data-vc-public-nonce=\"668d902915\">\n\t\t\n\t<\/div>\n<\/div>\n<div class=\"vc-zigzag-wrapper vc-zigzag-align-center\"><div class=\"vc-zigzag-inner\" style=\"width: 100%;min-height: 14px;background: 0 repeat-x url(&#039;data:image\/svg+xml;utf-8,%3C%3Fxml%20version%3D%221.0%22%20encoding%3D%22utf-8%22%3F%3E%3C%21DOCTYPE%20svg%20PUBLIC%20%22-%2F%2FW3C%2F%2FDTD%20SVG%201.1%2F%2FEN%22%20%22http%3A%2F%2Fwww.w3.org%2FGraphics%2FSVG%2F1.1%2FDTD%2Fsvg11.dtd%22%3E%3Csvg%20width%3D%2214px%22%20height%3D%2212px%22%20viewBox%3D%220%200%2018%2015%22%20version%3D%221.1%22%20xmlns%3D%22http%3A%2F%2Fwww.w3.org%2F2000%2Fsvg%22%20xmlns%3Axlink%3D%22http%3A%2F%2Fwww.w3.org%2F1999%2Fxlink%22%3E%3Cpolygon%20id%3D%22Combined-Shape%22%20fill%3D%22%23ebebeb%22%20points%3D%228.98762301%200%200%209.12771969%200%2014.519983%209%205.40479869%2018%2014.519983%2018%209.12771969%22%3E%3C%2Fpolygon%3E%3C%2Fsvg%3E&#039;);\"><\/div><\/div>\n\t<div class=\"wpb_text_column wpb_content_element  vc_custom_1658527435322\" >\n\t\t<div class=\"wpb_wrapper\">\n\t\t\t<p>En BIOFIX Consultor\u00eda estamos comprometidos en velar por el cumplimiento de nuestras Pol\u00edticas de \u00c9tica y <strong>LA\/FT\/FPADM<\/strong> (Lavado de activos, financiaci\u00f3n al terrorismo y financiamiento de la proliferaci\u00f3n de armas de destrucci\u00f3n masiva), as\u00ed como promover actitudes \u00e9ticas, honestas, transparentes hacia el cumplimiento de las leyes y normatividad vigente buscando como sociedad mantener altos est\u00e1ndares normativos y de calidad.<\/p>\n<p>Adem\u00e1s, a trav\u00e9s de nuestro trabajo, buscamos fortalecer las relaciones con nuestros colaboradores, clientes, socios- part\u00edcipes, proveedores, accionistas y comunidad en general basadas en la transparencia, la confianza y estableciendo canales de comunicaci\u00f3n y de denuncia.<\/p>\n\n\t\t<\/div>\n\t<\/div>\n\n\t<div class=\"wpb_text_column wpb_content_element  vc_custom_1687386532490\" >\n\t\t<div class=\"wpb_wrapper\">\n\t\t\t<ul>\n<li><strong>\u00bfQu\u00e9 es SAGRILAFT?<\/strong> Es el Sistema de autocontrol, prevenci\u00f3n y gesti\u00f3n de riesgos contra el lavado de activos, financiaci\u00f3n al terrorismo y financiamiento de la proliferaci\u00f3n de armas de destrucci\u00f3n masiva.\u00a0 <a href=\"https:\/\/biofix.com.br\/wp-content\/uploads\/2023\/06\/MANUAL-SAGRILAFT-2023.pdf\"><strong style=\"color: #339966;\">(Descarga aqu\u00ed el Manual de Sagrilaft)<\/strong><\/a><\/li>\n<\/ul>\n<ul>\n<li><strong>\u00bfQu\u00e9 es el PTEE?<\/strong> Es el Programa de Transparencia y \u00c9tica Empresarial. <strong>Conoce m\u00e1s sobre nuestra Misi\u00f3n, Visi\u00f3n y Valores <a href=\"https:\/\/biofix.com.br\/es_co\/about-us\/mision-vision-y-valores\/\">aqu\u00ed<\/a>.\u00a0 <\/strong><a href=\"https:\/\/biofix.com.br\/wp-content\/uploads\/2023\/06\/20210614-Manual-del-Programa-de-Etica-Empresarial-BIOFIX.pdf\"><strong><span style=\"color: #339966;\">(Descarga aqu\u00ed el Manual de \u00c9tica Empresarial)<\/span><\/strong><\/a><\/li>\n<\/ul>\n\n\t\t<\/div>\n\t<\/div>\n\n\t<div class=\"wpb_video_widget wpb_content_element vc_clearfix  wpb_animate_when_almost_visible wpb_appear appear  vc_custom_1658508922980 vc_video-aspect-ratio-235 vc_video-el-width-90 vc_video-align-center\" >\n\t\t<div class=\"wpb_wrapper\">\n\t\t\t\n\t\t\t<div class=\"wpb_video_wrapper\"><iframe loading=\"lazy\" title=\"\u00bfQu\u00e9 es SAGRILAFT y el PTEE?\" width=\"1200\" height=\"675\" src=\"https:\/\/www.youtube.com\/embed\/-bWnPCrR5tU?feature=oembed\" frameborder=\"0\" allow=\"accelerometer; autoplay; clipboard-write; encrypted-media; gyroscope; picture-in-picture\" allowfullscreen><\/iframe><\/div>\n\t\t<\/div>\n\t<\/div>\n\n\t<div class=\"wpb_text_column wpb_content_element  vc_custom_1658507068823\" >\n\t\t<div class=\"wpb_wrapper\">\n\t\t\t<h4><\/h4>\n<h4><strong>\u00bfQui\u00e9nes deben cumplir con estas pol\u00edticas?<\/strong><\/h4>\n<div class=\"wpb_text_column wpb_content_element vc_custom_1657203715688\">\n<div class=\"wpb_wrapper\">\n<p>Todos los grupos de inter\u00e9s o contrapartes de BIOFIX Consultor\u00eda SAS: Colaboradores, Clientes, Socios \u2013 Part\u00edcipes, Proveedores y Accionistas.<\/p>\n<\/div>\n<\/div>\n<h4><strong><br \/>\n\u00bfCu\u00e1l es nuestro canal de denuncias?\u00a0<\/strong><\/h4>\n<div class=\"wpb_text_column wpb_content_element vc_custom_1657203715688\">\n<p>El correo electr\u00f3nico <a href=\"mailto:lineaetica@biofix.com.co\">lineaetica@biofix.com.co<\/a> es el canal de comunicaci\u00f3n para informar aquellas situaciones que van en contra de la \u00e9tica de la compa\u00f1\u00eda o por actos de corrupci\u00f3n y soborno transnacional, reporte de se\u00f1ales de alerta, situaciones inusuales o sospechosas.<\/p>\n<\/div>\n\n\t\t<\/div>\n\t<\/div>\n<div class=\"vc_empty_space\"   style=\"height: 32px\"><span class=\"vc_empty_space_inner\"><\/span><\/div><section class=\"vc_cta3-container\"><div class=\"vc_general vc_cta3 vc_cta3-style-custom vc_cta3-shape-round vc_cta3-align-left vc_cta3-icon-size-md vc_cta3-actions-bottom  wpb_animate_when_almost_visible wpb_top-to-bottom top-to-bottom\" style=\"background-color:#ffffff;\"><div class=\"vc_cta3_content-container\"><div class=\"vc_cta3-content\"><header class=\"vc_cta3-content-header\"><h4 style=\"color:#000000;\">\u00bfCu\u00e1nto sabes de Sagrilaft y nuestra Pol\u00edtica de \u00c9tica Empresarial?<\/h4><\/header><p>Queremos estar seguros de que nuestros Colaboradores, Clientes, Socios \u2013 Part\u00edcipes, Proveedores y Accionistas recibieron esta informaci\u00f3n y conocen las pol\u00edticas de \u00e9tica y transparencia que desde BIOFIX Consultor\u00eda se plantean. Despues de ver nuestro video de capacitaci\u00f3n te invitamos a diligenciar la siguiente encuesta:<\/p>\n<\/div><div class=\"vc_cta3-actions\"><div class=\"vc_btn3-container vc_btn3-right\" ><a class=\"vc_general vc_btn3 vc_btn3-size-md vc_btn3-shape-rounded vc_btn3-style-modern vc_btn3-color-success\" href=\"https:\/\/forms.gle\/V4tPNqijHv4r4Eva8\" title=\"Evaluaci\u00f3n Sagrilaft\" target=\"_blank\">EVALUACI\u00d3N<\/a><\/div><\/div><\/div><\/div><\/section><div class=\"vc_empty_space\"   style=\"height: 32px\"><span class=\"vc_empty_space_inner\"><\/span><\/div>\n\t<div class=\"wpb_text_column wpb_content_element\" >\n\t\t<div class=\"wpb_wrapper\">\n\t\t\t<h6><strong>Normatividad Aplicable:<\/strong>\u00a0 <em>Circular B\u00e1sica Jur\u00eddica de la Superintendencia de Sociedades en el Cap\u00edtulo X \u2013 \u201cAutocontrol y Gesti\u00f3n del Riesgo Integral LA\/FT\/FPADM y Reporte de Operaciones Sospechosas a la UIAF\u201d, \u00a0Circulares Externas 100-000016 de 2020 y 100-000004 de 2021 y, el Cap\u00edtulo XXIII \u2013 \u00a0\u201cInstrucciones y recomendaciones administrativas encaminadas a poner en marcha Programas de Transparencia y \u00c9tica Empresarial a trav\u00e9s de actividades de autocontrol y gesti\u00f3n de los riesgos de corrupci\u00f3n y de riesgos de soborno transnacional\u201d, \u00a0Circular Externa 100-000011 de 2021,\u00a0Sistema de Autocontrol y Gesti\u00f3n del Riesgo Integral de Lavado de Activos y Financiaci\u00f3n del Terrorismo. \u2013 SAGRILAFT. \u00a0\u00a0Programa de Transparencia y \u00c9tica Empresarial (PTEE),\u00a0Normatividad legal Colombiana . C\u00f3digo de \u00c9tica y Conducta. Procesos y Procedimientos interno. Reglamento Interno.<\/em><\/h6>\n\n\t\t<\/div>\n\t<\/div>\n<div class=\"vc_empty_space\"   style=\"height: 32px\"><span class=\"vc_empty_space_inner\"><\/span><\/div>\n\t<div class=\"wpb_text_column wpb_content_element\" >\n\t\t<div class=\"wpb_wrapper\">\n\t\t\t<p>Dando cumplimiento a la norma usted puede hacer:<\/p>\n<ul>\n<li>El reporte de denuncias de Soborno Transnacional a la Superintendencia de Sociedades <a href=\"https:\/\/www.supersociedades.gov.co\/delegatura_aec\/Paginas\/Canal-de-Denuncias-Soborno-Internacional.aspx\">aqu\u00ed.<\/a><\/li>\n<li>El Reporte de denuncias de actos de Corrupci\u00f3n a la Secretar\u00eda de Transparencia<a href=\"http:\/\/www.secretariatransparencia.gov.co\/observatorio-anticorrupcion\/portal-anticorrupcion\"> aqu\u00ed.<\/a><\/li>\n<\/ul>\n\n\t\t<\/div>\n\t<\/div>\n<\/div><\/div><\/div><div class=\"wpb_column vc_column_container vc_col-sm-12\"><div class=\"vc_column-inner\"><div class=\"wpb_wrapper\"><\/div><\/div><\/div><\/div><div class=\"vc_row wpb_row vc_row-fluid\"><div class=\"wpb_column vc_column_container vc_col-sm-12\"><div class=\"vc_column-inner\"><div class=\"wpb_wrapper\"><\/div><\/div><\/div><\/div><div class=\"vc_row wpb_row vc_row-fluid\"><div class=\"wpb_column vc_column_container vc_col-sm-12\"><div class=\"vc_column-inner\"><div class=\"wpb_wrapper\"><\/div><\/div><\/div><\/div>\n<\/div>","protected":false},"excerpt":{"rendered":"<p>Conoce nuestras pol\u00edticas de \u00c9tica Empresarial y Sagrilaft En BIOFIX Consultor\u00eda estamos comprometidos en velar por el cumplimiento de nuestras Pol\u00edticas de \u00c9tica y LA\/FT\/FPADM (Lavado de activos, financiaci\u00f3n al terrorismo y financiamiento de la proliferaci\u00f3n de armas de destrucci\u00f3n masiva), as\u00ed como promover actitudes \u00e9ticas, honestas, transparentes hacia el cumplimiento de las leyes y&hellip;<\/p>","protected":false},"author":1,"featured_media":0,"parent":0,"menu_order":0,"comment_status":"closed","ping_status":"closed","template":"","meta":{"footnotes":""},"class_list":["post-4139","page","type-page","status-publish","hentry","description-off"],"yoast_head":"<!-- This site is optimized with the Yoast SEO plugin v27.4 - https:\/\/yoast.com\/product\/yoast-seo-wordpress\/ -->\n<title>Sagrilaft - Biofix Br BIC<\/title>\n<meta name=\"robots\" content=\"index, follow, max-snippet:-1, max-image-preview:large, max-video-preview:-1\" \/>\n<link rel=\"canonical\" href=\"https:\/\/biofix.com.br\/es_co\/sagrilaft\/\" \/>\n<meta property=\"og:locale\" content=\"es_ES\" \/>\n<meta property=\"og:type\" content=\"article\" \/>\n<meta property=\"og:title\" content=\"Sagrilaft - Biofix Br BIC\" \/>\n<meta property=\"og:url\" content=\"https:\/\/biofix.com.br\/es_co\/sagrilaft\/\" \/>\n<meta property=\"og:site_name\" content=\"Biofix Br BIC\" \/>\n<meta property=\"article:modified_time\" content=\"2023-08-03T21:18:06+00:00\" \/>\n<meta name=\"twitter:card\" content=\"summary_large_image\" \/>\n<meta name=\"twitter:label1\" content=\"Tiempo de lectura\" \/>\n\t<meta name=\"twitter:data1\" content=\"3 minutos\" \/>\n<script type=\"application\/ld+json\" class=\"yoast-schema-graph\">{\"@context\":\"https:\\\/\\\/schema.org\",\"@graph\":[{\"@type\":\"WebPage\",\"@id\":\"https:\\\/\\\/biofix.com.br\\\/sagrilaft\\\/\",\"url\":\"https:\\\/\\\/biofix.com.br\\\/sagrilaft\\\/\",\"name\":\"Sagrilaft - Biofix Br BIC\",\"isPartOf\":{\"@id\":\"https:\\\/\\\/biofix.com.br\\\/#website\"},\"datePublished\":\"2022-06-02T20:38:19+00:00\",\"dateModified\":\"2023-08-03T21:18:06+00:00\",\"breadcrumb\":{\"@id\":\"https:\\\/\\\/biofix.com.br\\\/sagrilaft\\\/#breadcrumb\"},\"inLanguage\":\"es-CO\",\"potentialAction\":[{\"@type\":\"ReadAction\",\"target\":[\"https:\\\/\\\/biofix.com.br\\\/sagrilaft\\\/\"]}]},{\"@type\":\"BreadcrumbList\",\"@id\":\"https:\\\/\\\/biofix.com.br\\\/sagrilaft\\\/#breadcrumb\",\"itemListElement\":[{\"@type\":\"ListItem\",\"position\":1,\"name\":\"Inicio\",\"item\":\"https:\\\/\\\/biofix.com.br\\\/\"},{\"@type\":\"ListItem\",\"position\":2,\"name\":\"Sagrilaft\"}]},{\"@type\":\"WebSite\",\"@id\":\"https:\\\/\\\/biofix.com.br\\\/#website\",\"url\":\"https:\\\/\\\/biofix.com.br\\\/\",\"name\":\"Biofix Brasil BIC\",\"description\":\"\",\"publisher\":{\"@id\":\"https:\\\/\\\/biofix.com.br\\\/#organization\"},\"potentialAction\":[{\"@type\":\"SearchAction\",\"target\":{\"@type\":\"EntryPoint\",\"urlTemplate\":\"https:\\\/\\\/biofix.com.br\\\/?s={search_term_string}\"},\"query-input\":{\"@type\":\"PropertyValueSpecification\",\"valueRequired\":true,\"valueName\":\"search_term_string\"}}],\"inLanguage\":\"es-CO\"},{\"@type\":\"Organization\",\"@id\":\"https:\\\/\\\/biofix.com.br\\\/#organization\",\"name\":\"Biofix Brasil BIC\",\"url\":\"https:\\\/\\\/biofix.com.br\\\/\",\"logo\":{\"@type\":\"ImageObject\",\"inLanguage\":\"es-CO\",\"@id\":\"https:\\\/\\\/biofix.com.br\\\/#\\\/schema\\\/logo\\\/image\\\/\",\"url\":\"https:\\\/\\\/biofix.com.br\\\/wp-content\\\/uploads\\\/2022\\\/04\\\/BIOFIX-COLOR-H.png\",\"contentUrl\":\"https:\\\/\\\/biofix.com.br\\\/wp-content\\\/uploads\\\/2022\\\/04\\\/BIOFIX-COLOR-H.png\",\"width\":168,\"height\":71,\"caption\":\"Biofix Brasil BIC\"},\"image\":{\"@id\":\"https:\\\/\\\/biofix.com.br\\\/#\\\/schema\\\/logo\\\/image\\\/\"},\"sameAs\":[\"https:\\\/\\\/www.instagram.com\\\/biofixbrasil\\\/\",\"https:\\\/\\\/www.linkedin.com\\\/company\\\/91119074\\\/admin\\\/settings\\\/\"]}]}<\/script>\n<!-- \/ Yoast SEO plugin. -->","yoast_head_json":{"title":"Sagrilaft - Biofix Br BIC","robots":{"index":"index","follow":"follow","max-snippet":"max-snippet:-1","max-image-preview":"max-image-preview:large","max-video-preview":"max-video-preview:-1"},"canonical":"https:\/\/biofix.com.br\/es_co\/sagrilaft\/","og_locale":"es_ES","og_type":"article","og_title":"Sagrilaft - Biofix Br BIC","og_url":"https:\/\/biofix.com.br\/es_co\/sagrilaft\/","og_site_name":"Biofix Br BIC","article_modified_time":"2023-08-03T21:18:06+00:00","twitter_card":"summary_large_image","twitter_misc":{"Tiempo de lectura":"3 minutos"},"schema":{"@context":"https:\/\/schema.org","@graph":[{"@type":"WebPage","@id":"https:\/\/biofix.com.br\/sagrilaft\/","url":"https:\/\/biofix.com.br\/sagrilaft\/","name":"Sagrilaft - Biofix Br BIC","isPartOf":{"@id":"https:\/\/biofix.com.br\/#website"},"datePublished":"2022-06-02T20:38:19+00:00","dateModified":"2023-08-03T21:18:06+00:00","breadcrumb":{"@id":"https:\/\/biofix.com.br\/sagrilaft\/#breadcrumb"},"inLanguage":"es-CO","potentialAction":[{"@type":"ReadAction","target":["https:\/\/biofix.com.br\/sagrilaft\/"]}]},{"@type":"BreadcrumbList","@id":"https:\/\/biofix.com.br\/sagrilaft\/#breadcrumb","itemListElement":[{"@type":"ListItem","position":1,"name":"Inicio","item":"https:\/\/biofix.com.br\/"},{"@type":"ListItem","position":2,"name":"Sagrilaft"}]},{"@type":"WebSite","@id":"https:\/\/biofix.com.br\/#website","url":"https:\/\/biofix.com.br\/","name":"Biofix Brasil BIC","description":"","publisher":{"@id":"https:\/\/biofix.com.br\/#organization"},"potentialAction":[{"@type":"SearchAction","target":{"@type":"EntryPoint","urlTemplate":"https:\/\/biofix.com.br\/?s={search_term_string}"},"query-input":{"@type":"PropertyValueSpecification","valueRequired":true,"valueName":"search_term_string"}}],"inLanguage":"es-CO"},{"@type":"Organization","@id":"https:\/\/biofix.com.br\/#organization","name":"Biofix Brasil BIC","url":"https:\/\/biofix.com.br\/","logo":{"@type":"ImageObject","inLanguage":"es-CO","@id":"https:\/\/biofix.com.br\/#\/schema\/logo\/image\/","url":"https:\/\/biofix.com.br\/wp-content\/uploads\/2022\/04\/BIOFIX-COLOR-H.png","contentUrl":"https:\/\/biofix.com.br\/wp-content\/uploads\/2022\/04\/BIOFIX-COLOR-H.png","width":168,"height":71,"caption":"Biofix Brasil BIC"},"image":{"@id":"https:\/\/biofix.com.br\/#\/schema\/logo\/image\/"},"sameAs":["https:\/\/www.instagram.com\/biofixbrasil\/","https:\/\/www.linkedin.com\/company\/91119074\/admin\/settings\/"]}]}},"_links":{"self":[{"href":"https:\/\/biofix.com.br\/es_co\/wp-json\/wp\/v2\/pages\/4139","targetHints":{"allow":["GET"]}}],"collection":[{"href":"https:\/\/biofix.com.br\/es_co\/wp-json\/wp\/v2\/pages"}],"about":[{"href":"https:\/\/biofix.com.br\/es_co\/wp-json\/wp\/v2\/types\/page"}],"author":[{"embeddable":true,"href":"https:\/\/biofix.com.br\/es_co\/wp-json\/wp\/v2\/users\/1"}],"replies":[{"embeddable":true,"href":"https:\/\/biofix.com.br\/es_co\/wp-json\/wp\/v2\/comments?post=4139"}],"version-history":[{"count":75,"href":"https:\/\/biofix.com.br\/es_co\/wp-json\/wp\/v2\/pages\/4139\/revisions"}],"predecessor-version":[{"id":5118,"href":"https:\/\/biofix.com.br\/es_co\/wp-json\/wp\/v2\/pages\/4139\/revisions\/5118"}],"wp:attachment":[{"href":"https:\/\/biofix.com.br\/es_co\/wp-json\/wp\/v2\/media?parent=4139"}],"curies":[{"name":"wp","href":"https:\/\/api.w.org\/{rel}","templated":true}]}}